{"id":3880,"date":"2015-05-15T10:49:52","date_gmt":"2015-05-15T08:49:52","guid":{"rendered":"https:\/\/ijsselmeerzeilers.nl\/?page_id=3880"},"modified":"2022-05-09T09:59:53","modified_gmt":"2022-05-09T07:59:53","slug":"uber-uns","status":"publish","type":"page","link":"https:\/\/ijsselmeerzeilers.nl\/de\/uber-uns\/","title":{"rendered":"Over ons"},"content":{"rendered":"<div id='av_section_1'  class='avia-section av-2cose-18481dfd2cc7ccc22d8a393b3ab055bb main_color avia-section-default avia-no-border-styling  avia-builder-el-0  avia-builder-el-no-sibling  avia-bg-style-scroll container_wrap sidebar_right'  ><div class='container av-section-cont-open' ><main  role=\"main\" itemprop=\"mainContentOfPage\"  class='template-page content  av-content-small alpha units'><div class='post-entry post-entry-type-page post-entry-3880'><div class='entry-content-wrapper clearfix'>\n\n<style type=\"text\/css\" data-created_by=\"avia_inline_auto\" id=\"style-css-av-zofq-28e4087d0e5d49eb2cfe00cab0c5876b\">\n.flex_column.av-zofq-28e4087d0e5d49eb2cfe00cab0c5876b{\nborder-radius:0px 0px 0px 0px;\npadding:0px 0px 0px 0px;\n}\n<\/style>\n<div  class='flex_column av-zofq-28e4087d0e5d49eb2cfe00cab0c5876b av_one_full  avia-builder-el-1  el_before_av_hr  avia-builder-el-first  first flex_column_div av-zero-column-padding  '     ><section  class='av_textblock_section av-jp2oj2ik-543ac096720f972512807b220c1e1415 '   itemscope=\"itemscope\" itemtype=\"https:\/\/schema.org\/CreativeWork\" ><div class='avia_textblock Rosanne'  itemprop=\"text\" ><h1>\u00dcber IJsselmeerzeilers<\/h1>\n<\/div><\/section><\/div>\n<style type=\"text\/css\" data-created_by=\"avia_inline_auto\" id=\"style-css-av-jp2okibl-3a9d790c7ff24b7a919d6e2f8728a320\">\n#top .hr.av-jp2okibl-3a9d790c7ff24b7a919d6e2f8728a320{\nmargin-top:0px;\nmargin-bottom:30px;\n}\n.hr.av-jp2okibl-3a9d790c7ff24b7a919d6e2f8728a320 .hr-inner{\nwidth:100px;\nborder-color:#047a9e;\n}\n<\/style>\n<div  class='hr av-jp2okibl-3a9d790c7ff24b7a919d6e2f8728a320 hr-custom  avia-builder-el-3  el_after_av_one_full  el_before_av_two_third  hr-left hr-icon-no'><span class='hr-inner inner-border-av-border-fat'><span class=\"hr-inner-style\"><\/span><\/span><\/div>\n\n<style type=\"text\/css\" data-created_by=\"avia_inline_auto\" id=\"style-css-av-11ym2-1be7512f91bda7144391002b60f40ea3\">\n.flex_column.av-11ym2-1be7512f91bda7144391002b60f40ea3{\nborder-radius:0px 0px 0px 0px;\npadding:0px 0px 0px 0px;\n}\n<\/style>\n<div  class='flex_column av-11ym2-1be7512f91bda7144391002b60f40ea3 av_two_third  avia-builder-el-4  el_after_av_hr  el_before_av_one_third  first flex_column_div av-zero-column-padding  '     ><section  class='av_textblock_section av-2mr5xg-860c414fe73985bf2fe07922e7465ad9 '   itemscope=\"itemscope\" itemtype=\"https:\/\/schema.org\/CreativeWork\" ><div class='avia_textblock'  itemprop=\"text\" ><div id=\"attachment_4475\" style=\"width: 235px\" class=\"wp-caption alignnone\"><img loading=\"lazy\" decoding=\"async\" aria-describedby=\"caption-attachment-4475\" class=\"wp-image-4475 size-medium\" src=\"https:\/\/ijsselmeerzeilers.nl\/wp-content\/uploads\/2022\/03\/IMG_20210328_115257-225x300.jpg\" alt=\"\" width=\"225\" height=\"300\" srcset=\"https:\/\/ijsselmeerzeilers.nl\/wp-content\/uploads\/2022\/03\/IMG_20210328_115257-225x300.jpg 225w, https:\/\/ijsselmeerzeilers.nl\/wp-content\/uploads\/2022\/03\/IMG_20210328_115257-773x1030.jpg 773w, https:\/\/ijsselmeerzeilers.nl\/wp-content\/uploads\/2022\/03\/IMG_20210328_115257-768x1024.jpg 768w, https:\/\/ijsselmeerzeilers.nl\/wp-content\/uploads\/2022\/03\/IMG_20210328_115257-1152x1536.jpg 1152w, https:\/\/ijsselmeerzeilers.nl\/wp-content\/uploads\/2022\/03\/IMG_20210328_115257-1125x1500.jpg 1125w, https:\/\/ijsselmeerzeilers.nl\/wp-content\/uploads\/2022\/03\/IMG_20210328_115257-529x705.jpg 529w, https:\/\/ijsselmeerzeilers.nl\/wp-content\/uploads\/2022\/03\/IMG_20210328_115257.jpg 1404w\" sizes=\"auto, (max-width: 225px) 100vw, 225px\" \/><p id=\"caption-attachment-4475\" class=\"wp-caption-text\">Aufenthalt auf der SS Rotterdam 2021<\/p><\/div>\n<blockquote>\n<h3>Wir von IJsselmeerzeilers m\u00f6chten unsere Leidenschaft f\u00fcr das Segeln mit h\u00f6lzernen Segelyachten aus niederl\u00e4ndischer Herstellung teilen. Wir tun dies, indem wir nostalgische Waarschips, Kolibri&#8217;s und sogar einen Vollenhovense Bol von Huizen NH vermieten. Wir freuen uns, unseren Mietern das niederl\u00e4ndische Segelerbe n\u00e4her zu bringen.<\/h3>\n<\/blockquote>\n<h4><\/h4>\n<p>Hallo, ich bin <strong>Anouschka Zehl-Reitsma<\/strong> und verheiratet mit\u00a0<strong>Patrick Zehl<\/strong>. Seit meiner Kindheit in Zwolle, wo ich aufgewachsen bin, ist das Freizeitbootfahren schon fr\u00fch in mir verwurzelt. Mit einem Ex-Segler f\u00fcr meinen Vater lebte ich in jungen Jahren auf einem Hausboot und kenne den unverwechselbar sch\u00f6nen Bootsgeruch wie kein anderer. Ich habe das Leben auf dem Wasser immer als die sch\u00f6nste Zeit meines Lebens empfunden. Ich wei\u00df es nicht besser, als dass wir \u00fcberall mit dem Boot hingefahren sind. Machen Sie entweder ein Picknick auf der Wiese oder kaufen Sie im Zentrum von Zwolle ein. Das Boot war unser Fortbewegungsmittel. Auch als wir sp\u00e4ter in ein gew\u00f6hnliches Reihenhaus zogen, spielten das Segeln und die Liebe zum Wasser weiterhin eine gro\u00dfe Rolle in unserer Familie.<\/p>\n<div id=\"attachment_4477\" style=\"width: 235px\" class=\"wp-caption alignleft\"><img loading=\"lazy\" decoding=\"async\" aria-describedby=\"caption-attachment-4477\" class=\"wp-image-4477 size-medium\" src=\"https:\/\/ijsselmeerzeilers.nl\/wp-content\/uploads\/2022\/03\/20200721_121231-225x300.jpg\" alt=\"\" width=\"225\" height=\"300\" srcset=\"https:\/\/ijsselmeerzeilers.nl\/wp-content\/uploads\/2022\/03\/20200721_121231-225x300.jpg 225w, https:\/\/ijsselmeerzeilers.nl\/wp-content\/uploads\/2022\/03\/20200721_121231-773x1030.jpg 773w, https:\/\/ijsselmeerzeilers.nl\/wp-content\/uploads\/2022\/03\/20200721_121231-768x1024.jpg 768w, https:\/\/ijsselmeerzeilers.nl\/wp-content\/uploads\/2022\/03\/20200721_121231-1152x1536.jpg 1152w, https:\/\/ijsselmeerzeilers.nl\/wp-content\/uploads\/2022\/03\/20200721_121231-1125x1500.jpg 1125w, https:\/\/ijsselmeerzeilers.nl\/wp-content\/uploads\/2022\/03\/20200721_121231-529x705.jpg 529w, https:\/\/ijsselmeerzeilers.nl\/wp-content\/uploads\/2022\/03\/20200721_121231.jpg 1404w\" sizes=\"auto, (max-width: 225px) 100vw, 225px\" \/><p id=\"caption-attachment-4477\" class=\"wp-caption-text\">Sonniger Tag auf dem Kolibri 700<\/p><\/div>\n<h4>&#8230;Verliebt in einen Liebhaber h\u00f6lzerner Segelboote<\/h4>\n<p>Seit Patrick (zuf\u00e4lligerweise auch Ex-Segler und sp\u00e4ter Binnenschiffer) und ich uns kennengelernt haben, wird mein Leben wieder von Booten bestimmt. Aber jetzt war sofort klar, dass ich segeln lernen musste. Denn Patrick ist ein begeisterter Segler. W\u00e4hrend unserer Beziehungszeit lud er mich mit einem selbstgedrehten Film (ich war bereits umgezogen und lebte in der N\u00e4he von Amsterdam) nach Zwolle ein, um in seiner klarlackierten 16er aus Holz zu segeln, die er und sein Bruder von seinem Gro\u00dfvater bekamen, als er 15 war. Und was seither gesch\u00e4tzter Familienbesitz ist. Unser erstes Date segelte schlie\u00dflich auf einer antiken Tjalk von seinem Freund. Er machte mir auf dem Koopmans Stringer 915 seines Bruders einen Heiratsantrag und als Kr\u00f6nung machten wir mit unserem eigenen Waarschip 570 eine Hochzeitsreise \u00fcber die Randmeren und das IJsselmeer.<\/p>\n<h4><em>IJsselmeerzeilers&#8230;\u00a0<\/em><\/h4>\n<div id=\"attachment_4485\" style=\"width: 310px\" class=\"wp-caption alignright\"><img loading=\"lazy\" decoding=\"async\" aria-describedby=\"caption-attachment-4485\" class=\"wp-image-4485 size-medium\" src=\"https:\/\/ijsselmeerzeilers.nl\/wp-content\/uploads\/2022\/03\/FB_IMG_1530124542792-300x300.jpg\" alt=\"\" width=\"300\" height=\"300\" srcset=\"https:\/\/ijsselmeerzeilers.nl\/wp-content\/uploads\/2022\/03\/FB_IMG_1530124542792-300x300.jpg 300w, https:\/\/ijsselmeerzeilers.nl\/wp-content\/uploads\/2022\/03\/FB_IMG_1530124542792-80x80.jpg 80w, https:\/\/ijsselmeerzeilers.nl\/wp-content\/uploads\/2022\/03\/FB_IMG_1530124542792-36x36.jpg 36w, https:\/\/ijsselmeerzeilers.nl\/wp-content\/uploads\/2022\/03\/FB_IMG_1530124542792-180x180.jpg 180w, https:\/\/ijsselmeerzeilers.nl\/wp-content\/uploads\/2022\/03\/FB_IMG_1530124542792.jpg 480w\" sizes=\"auto, (max-width: 300px) 100vw, 300px\" \/><p id=\"caption-attachment-4485\" class=\"wp-caption-text\">Segeln in D\u00e4nemark auf der Koopmans Stringer 915<\/p><\/div>\n<p>Da war es fast zwangsl\u00e4ufig, dass wir die Chance ergriffen haben, den Staffelstab von Pieter Reinhart zu \u00fcbernehmen. Pieter Reinhart ist der vorherige Eigent\u00fcmer und Gr\u00fcnder von IJsselmeerzeilers Zeilbootverhuur. Seine Leidenschaft f\u00fcr h\u00f6lzerne Waar-Schiffe hat dazu gef\u00fchrt, dass so viele verschiedene Waar-Schiffe wie m\u00f6glich gekauft, restauriert und gewartet wurden. Die Vermietungsfirma wurde gegr\u00fcndet, um diesen Prozess bezahlen zu k\u00f6nnen. Patrick und ich werden uns nicht auf die Restaurierung konzentrieren. Gut auf Wartung und vor allem Erhaltung. Gl\u00fccklicherweise verf\u00fcgt Patrick seit seiner Jugend \u00fcber das n\u00f6tige Wissen, um Holzschiffe zu warten. Aufgrund des technischen Wissens, das er sich von klein auf angeeignet hat, und der Liebe, die ich von Kindheit an erhalten habe, hoffe ich, dass wir wahre Nachfolger dieses sch\u00f6nen Unternehmens werden. Und dass wir andere daf\u00fcr begeistern k\u00f6nnen, mit niederl\u00e4ndischem Segelerbe zu segeln, wie es Pieter Reinhart einst beabsichtigte.<\/p>\n<\/div><\/section><\/div>\n<style type=\"text\/css\" data-created_by=\"avia_inline_auto\" id=\"style-css-av-jp2pyx2a-dd846286c54ea2fa63a97d8891d38fc2\">\n.flex_column.av-jp2pyx2a-dd846286c54ea2fa63a97d8891d38fc2{\nborder-radius:0px 0px 0px 0px;\npadding:3% 3% 3% 3%;\nbackground-color:#efefef;\n}\n<\/style>\n<div  class='flex_column av-jp2pyx2a-dd846286c54ea2fa63a97d8891d38fc2 av_one_third  avia-builder-el-6  el_after_av_two_third  avia-builder-el-last  flex_column_div  '     ><section  class='av_textblock_section av-jp2q25ph-726e27edb4781fba60b1271f74aed968 '   itemscope=\"itemscope\" itemtype=\"https:\/\/schema.org\/CreativeWork\" ><div class='avia_textblock'  itemprop=\"text\" ><h4>Mieten Sie ein Segelboot bei IJsselmeerzeilers und Sie k\u00f6nnen sicher sein:<\/h4>\n<\/div><\/section><br \/>\n\n<style type=\"text\/css\" data-created_by=\"avia_inline_auto\" id=\"style-css-av-jp2q8ffr-674552ab0458a6acd9d9ceda536baeae\">\n#top .avia-icon-list-container.av-jp2q8ffr-674552ab0458a6acd9d9ceda536baeae .iconlist_icon{\ncolor:#66cc33;\nbackground-color:transparent;\nborder:1px solid transparent;\n}\n#top .avia-icon-list-container.av-jp2q8ffr-674552ab0458a6acd9d9ceda536baeae .iconlist_icon svg:first-child{\nstroke:#66cc33;\nfill:#66cc33;\n}\n<\/style>\n<div  class='avia-icon-list-container av-jp2q8ffr-674552ab0458a6acd9d9ceda536baeae  avia-builder-el-8  el_after_av_textblock  el_before_av_button '><ul class='avia-icon-list avia_animate_when_almost_visible avia-icon-list-left av-iconlist-small av-jp2q8ffr-674552ab0458a6acd9d9ceda536baeae avia-iconlist-animate'>\n<li><div class='iconlist_icon av-1b6sq2-fde25e670db573241023539e578d6669 avia-font-entypo-fontello avia-iconfont avia-font-entypo-fontello'><span class='av-icon-char' data-av_icon='\ue812' data-av_iconfont='entypo-fontello' aria-hidden=\"true\"><\/span><\/div><article class=\"article-icon-entry av-iconlist-empty\"  itemscope=\"itemscope\" itemtype=\"https:\/\/schema.org\/CreativeWork\" ><div class=\"iconlist_content_wrap\"><header class=\"entry-content-header\" aria-label=\"Icon: Perfekt gepflegter klassischer Waarschip\"><div class='av_iconlist_title iconlist_title_small  '  itemprop=\"headline\" >Perfekt gepflegter klassischer Waarschip<\/div><\/header><div class='iconlist_content '  itemprop=\"text\" ><\/div><\/div><footer class=\"entry-footer\"><\/footer><\/article><div class=\"iconlist-timeline\"><\/div><\/li>\n<li><div class='iconlist_icon av-127zky-9fe2ebf5282584ddc64da9ada8a452fe avia-font-entypo-fontello avia-iconfont avia-font-entypo-fontello'><span class='av-icon-char' data-av_icon='\ue812' data-av_iconfont='entypo-fontello' aria-hidden=\"true\"><\/span><\/div><article class=\"article-icon-entry av-iconlist-empty\"  itemscope=\"itemscope\" itemtype=\"https:\/\/schema.org\/CreativeWork\" ><div class=\"iconlist_content_wrap\"><header class=\"entry-content-header\" aria-label=\"Icon: Einzigartiges markantes Segelboot\"><div class='av_iconlist_title iconlist_title_small  '  itemprop=\"headline\" >Einzigartiges markantes Segelboot<\/div><\/header><div class='iconlist_content '  itemprop=\"text\" ><\/div><\/div><footer class=\"entry-footer\"><\/footer><\/article><div class=\"iconlist-timeline\"><\/div><\/li>\n<li><div class='iconlist_icon av-uh836-eb32e1acc81f7a29fb49ff7d41ea009f avia-font-entypo-fontello avia-iconfont avia-font-entypo-fontello'><span class='av-icon-char' data-av_icon='\ue812' data-av_iconfont='entypo-fontello' aria-hidden=\"true\"><\/span><\/div><article class=\"article-icon-entry av-iconlist-empty\"  itemscope=\"itemscope\" itemtype=\"https:\/\/schema.org\/CreativeWork\" ><div class=\"iconlist_content_wrap\"><header class=\"entry-content-header\" aria-label=\"Icon: Ausgezeichnetes Segelsegelschiff\"><div class='av_iconlist_title iconlist_title_small  '  itemprop=\"headline\" >Ausgezeichnetes Segelsegelschiff<\/div><\/header><div class='iconlist_content '  itemprop=\"text\" ><\/div><\/div><footer class=\"entry-footer\"><\/footer><\/article><div class=\"iconlist-timeline\"><\/div><\/li>\n<li><div class='iconlist_icon av-p7r3m-86f5355d84c2b1bbc3c251466d10ef3c avia-font-entypo-fontello avia-iconfont avia-font-entypo-fontello'><span class='av-icon-char' data-av_icon='\ue812' data-av_iconfont='entypo-fontello' aria-hidden=\"true\"><\/span><\/div><article class=\"article-icon-entry av-iconlist-empty\"  itemscope=\"itemscope\" itemtype=\"https:\/\/schema.org\/CreativeWork\" ><div class=\"iconlist_content_wrap\"><header class=\"entry-content-header\" aria-label=\"Icon: Guter Service und Anleitung\"><div class='av_iconlist_title iconlist_title_small  '  itemprop=\"headline\" >Guter Service und Anleitung<\/div><\/header><div class='iconlist_content '  itemprop=\"text\" ><\/div><\/div><footer class=\"entry-footer\"><\/footer><\/article><div class=\"iconlist-timeline\"><\/div><\/li>\n<li><div class='iconlist_icon av-kc5ca-286496f121f2caaa00fbd898a1dab08e avia-font-entypo-fontello avia-iconfont avia-font-entypo-fontello'><span class='av-icon-char' data-av_icon='\ue812' data-av_iconfont='entypo-fontello' aria-hidden=\"true\"><\/span><\/div><article class=\"article-icon-entry av-iconlist-empty\"  itemscope=\"itemscope\" itemtype=\"https:\/\/schema.org\/CreativeWork\" ><div class=\"iconlist_content_wrap\"><header class=\"entry-content-header\" aria-label=\"Icon: Zug\u00e4ngliche Mietpreise\"><div class='av_iconlist_title iconlist_title_small  '  itemprop=\"headline\" >Zug\u00e4ngliche Mietpreise<\/div><\/header><div class='iconlist_content '  itemprop=\"text\" ><\/div><\/div><footer class=\"entry-footer\"><\/footer><\/article><div class=\"iconlist-timeline\"><\/div><\/li>\n<li><div class='iconlist_icon av-gty4q-801388d7ac8f67e10fc5daf18cf8121c avia-font-entypo-fontello avia-iconfont avia-font-entypo-fontello'><span class='av-icon-char' data-av_icon='\ue812' data-av_iconfont='entypo-fontello' aria-hidden=\"true\"><\/span><\/div><article class=\"article-icon-entry av-iconlist-empty\"  itemscope=\"itemscope\" itemtype=\"https:\/\/schema.org\/CreativeWork\" ><div class=\"iconlist_content_wrap\"><header class=\"entry-content-header\" aria-label=\"Icon: Zentrale Lage und direkte Verbindung zum IJsselmeer\"><div class='av_iconlist_title iconlist_title_small  '  itemprop=\"headline\" >Zentrale Lage und direkte Verbindung zum IJsselmeer<\/div><\/header><div class='iconlist_content '  itemprop=\"text\" ><\/div><\/div><footer class=\"entry-footer\"><\/footer><\/article><div class=\"iconlist-timeline\"><\/div><\/li>\n<\/ul><\/div><br \/>\n<div  class='avia-button-wrap av-jp2q9i3b-d5b8706345fac4d45647bfb7670bed4f-wrap avia-button-center  avia-builder-el-9  el_after_av_iconlist  avia-builder-el-last '>\n<style type=\"text\/css\" data-created_by=\"avia_inline_auto\" id=\"style-css-av-jp2q9i3b-d5b8706345fac4d45647bfb7670bed4f\">\n#top #wrap_all .avia-button.av-jp2q9i3b-d5b8706345fac4d45647bfb7670bed4f{\nbackground-color:#b6090b;\nborder-color:#b6090b;\ncolor:#ffffff;\ntransition:all 0.4s ease-in-out;\n}\n#top #wrap_all .avia-button.av-jp2q9i3b-d5b8706345fac4d45647bfb7670bed4f .avia-svg-icon svg:first-child{\nfill:#ffffff;\nstroke:#ffffff;\n}\n<\/style>\n<a href='https:\/\/ijsselmeerzeilers.nl\/de\/kontakt\/'  class='avia-button av-jp2q9i3b-d5b8706345fac4d45647bfb7670bed4f av-link-btn avia-icon_select-no avia-size-large avia-position-center'   aria-label=\"KONTAKT\"><span class='avia_iconbox_title' >KONTAKT<\/span><\/a><\/div><\/p><\/div><\/div><\/div><\/main><!-- close content main element --><\/div><\/div><div id='after_section_1'  class='main_color av_default_container_wrap container_wrap sidebar_right'  ><div class='container av-section-cont-open' ><div class='template-page content  av-content-small alpha units'><div class='post-entry post-entry-type-page post-entry-3880'><div class='entry-content-wrapper clearfix'>\n","protected":false},"excerpt":{"rendered":"","protected":false},"author":6,"featured_media":0,"parent":0,"menu_order":0,"comment_status":"closed","ping_status":"closed","template":"","meta":{"footnotes":""},"class_list":["post-3880","page","type-page","status-publish","hentry"],"yoast_head":"<!-- This site is optimized with the Yoast SEO plugin v27.4 - https:\/\/yoast.com\/product\/yoast-seo-wordpress\/ -->\n<title>Over ons &#8226; Segelbootverleih auf dem IJsselmeer - IJsselmeerzeilers<\/title>\n<meta name=\"robots\" content=\"index, follow, max-snippet:-1, max-image-preview:large, max-video-preview:-1\" \/>\n<link rel=\"canonical\" href=\"https:\/\/ijsselmeerzeilers.nl\/de\/uber-uns\/\" \/>\n<meta property=\"og:locale\" content=\"de_DE\" \/>\n<meta property=\"og:type\" content=\"article\" \/>\n<meta property=\"og:title\" content=\"Over ons &#8226; Segelbootverleih auf dem IJsselmeer - IJsselmeerzeilers\" \/>\n<meta property=\"og:url\" content=\"https:\/\/ijsselmeerzeilers.nl\/de\/uber-uns\/\" \/>\n<meta property=\"og:site_name\" content=\"Segelbootverleih auf dem IJsselmeer - IJsselmeerzeilers\" \/>\n<meta property=\"article:publisher\" content=\"https:\/\/www.facebook.com\/ijsselmeerzeilers.nl\" \/>\n<meta property=\"article:modified_time\" content=\"2022-05-09T07:59:53+00:00\" \/>\n<meta property=\"og:image\" content=\"https:\/\/ijsselmeerzeilers.nl\/wp-content\/uploads\/2022\/03\/IMG_20210328_115257-225x300.jpg\" \/>\n<meta name=\"twitter:card\" content=\"summary_large_image\" \/>\n<meta name=\"twitter:label1\" content=\"Gesch\u00e4tzte Lesezeit\" \/>\n\t<meta name=\"twitter:data1\" content=\"5\u00a0Minuten\" \/>\n<script type=\"application\/ld+json\" class=\"yoast-schema-graph\">{\"@context\":\"https:\\\/\\\/schema.org\",\"@graph\":[{\"@type\":\"WebPage\",\"@id\":\"https:\\\/\\\/ijsselmeerzeilers.nl\\\/de\\\/uber-uns\\\/\",\"url\":\"https:\\\/\\\/ijsselmeerzeilers.nl\\\/de\\\/uber-uns\\\/\",\"name\":\"Over ons &#8226; Segelbootverleih auf dem IJsselmeer - IJsselmeerzeilers\",\"isPartOf\":{\"@id\":\"https:\\\/\\\/ijsselmeerzeilers.nl\\\/#website\"},\"primaryImageOfPage\":{\"@id\":\"https:\\\/\\\/ijsselmeerzeilers.nl\\\/de\\\/uber-uns\\\/#primaryimage\"},\"image\":{\"@id\":\"https:\\\/\\\/ijsselmeerzeilers.nl\\\/de\\\/uber-uns\\\/#primaryimage\"},\"thumbnailUrl\":\"https:\\\/\\\/ijsselmeerzeilers.nl\\\/wp-content\\\/uploads\\\/2022\\\/03\\\/IMG_20210328_115257-225x300.jpg\",\"datePublished\":\"2015-05-15T08:49:52+00:00\",\"dateModified\":\"2022-05-09T07:59:53+00:00\",\"breadcrumb\":{\"@id\":\"https:\\\/\\\/ijsselmeerzeilers.nl\\\/de\\\/uber-uns\\\/#breadcrumb\"},\"inLanguage\":\"de\",\"potentialAction\":[{\"@type\":\"ReadAction\",\"target\":[\"https:\\\/\\\/ijsselmeerzeilers.nl\\\/de\\\/uber-uns\\\/\"]}]},{\"@type\":\"ImageObject\",\"inLanguage\":\"de\",\"@id\":\"https:\\\/\\\/ijsselmeerzeilers.nl\\\/de\\\/uber-uns\\\/#primaryimage\",\"url\":\"https:\\\/\\\/ijsselmeerzeilers.nl\\\/wp-content\\\/uploads\\\/2022\\\/03\\\/IMG_20210328_115257-225x300.jpg\",\"contentUrl\":\"https:\\\/\\\/ijsselmeerzeilers.nl\\\/wp-content\\\/uploads\\\/2022\\\/03\\\/IMG_20210328_115257-225x300.jpg\"},{\"@type\":\"BreadcrumbList\",\"@id\":\"https:\\\/\\\/ijsselmeerzeilers.nl\\\/de\\\/uber-uns\\\/#breadcrumb\",\"itemListElement\":[{\"@type\":\"ListItem\",\"position\":1,\"name\":\"Home\",\"item\":\"https:\\\/\\\/ijsselmeerzeilers.nl\\\/de\\\/\"},{\"@type\":\"ListItem\",\"position\":2,\"name\":\"Over ons\"}]},{\"@type\":\"WebSite\",\"@id\":\"https:\\\/\\\/ijsselmeerzeilers.nl\\\/#website\",\"url\":\"https:\\\/\\\/ijsselmeerzeilers.nl\\\/\",\"name\":\"IJsselmeerzeilers Zeilboot Huren\",\"description\":\"Houten Zeiljachten Nederlandse makelij\",\"publisher\":{\"@id\":\"https:\\\/\\\/ijsselmeerzeilers.nl\\\/#organization\"},\"potentialAction\":[{\"@type\":\"SearchAction\",\"target\":{\"@type\":\"EntryPoint\",\"urlTemplate\":\"https:\\\/\\\/ijsselmeerzeilers.nl\\\/?s={search_term_string}\"},\"query-input\":{\"@type\":\"PropertyValueSpecification\",\"valueRequired\":true,\"valueName\":\"search_term_string\"}}],\"inLanguage\":\"de\"},{\"@type\":\"Organization\",\"@id\":\"https:\\\/\\\/ijsselmeerzeilers.nl\\\/#organization\",\"name\":\"IJsselmeerzeilers\",\"url\":\"https:\\\/\\\/ijsselmeerzeilers.nl\\\/\",\"logo\":{\"@type\":\"ImageObject\",\"inLanguage\":\"de\",\"@id\":\"https:\\\/\\\/ijsselmeerzeilers.nl\\\/#\\\/schema\\\/logo\\\/image\\\/\",\"url\":\"https:\\\/\\\/ijsselmeerzeilers.nl\\\/wp-content\\\/uploads\\\/2015\\\/02\\\/ijsselmeerzeilerslogo7682.jpg\",\"contentUrl\":\"https:\\\/\\\/ijsselmeerzeilers.nl\\\/wp-content\\\/uploads\\\/2015\\\/02\\\/ijsselmeerzeilerslogo7682.jpg\",\"width\":768,\"height\":160,\"caption\":\"IJsselmeerzeilers\"},\"image\":{\"@id\":\"https:\\\/\\\/ijsselmeerzeilers.nl\\\/#\\\/schema\\\/logo\\\/image\\\/\"},\"sameAs\":[\"https:\\\/\\\/www.facebook.com\\\/ijsselmeerzeilers.nl\",\"https:\\\/\\\/www.youtube.com\\\/@ijsselmeerzeilers\",\"https:\\\/\\\/www.instagram.com\\\/ijsselmeerzeilers\"]}]}<\/script>\n<!-- \/ Yoast SEO plugin. -->","yoast_head_json":{"title":"Over ons &#8226; Segelbootverleih auf dem IJsselmeer - IJsselmeerzeilers","robots":{"index":"index","follow":"follow","max-snippet":"max-snippet:-1","max-image-preview":"max-image-preview:large","max-video-preview":"max-video-preview:-1"},"canonical":"https:\/\/ijsselmeerzeilers.nl\/de\/uber-uns\/","og_locale":"de_DE","og_type":"article","og_title":"Over ons &#8226; Segelbootverleih auf dem IJsselmeer - IJsselmeerzeilers","og_url":"https:\/\/ijsselmeerzeilers.nl\/de\/uber-uns\/","og_site_name":"Segelbootverleih auf dem IJsselmeer - IJsselmeerzeilers","article_publisher":"https:\/\/www.facebook.com\/ijsselmeerzeilers.nl","article_modified_time":"2022-05-09T07:59:53+00:00","og_image":[{"url":"https:\/\/ijsselmeerzeilers.nl\/wp-content\/uploads\/2022\/03\/IMG_20210328_115257-225x300.jpg","type":"","width":"","height":""}],"twitter_card":"summary_large_image","twitter_misc":{"Gesch\u00e4tzte Lesezeit":"5\u00a0Minuten"},"schema":{"@context":"https:\/\/schema.org","@graph":[{"@type":"WebPage","@id":"https:\/\/ijsselmeerzeilers.nl\/de\/uber-uns\/","url":"https:\/\/ijsselmeerzeilers.nl\/de\/uber-uns\/","name":"Over ons &#8226; Segelbootverleih auf dem IJsselmeer - IJsselmeerzeilers","isPartOf":{"@id":"https:\/\/ijsselmeerzeilers.nl\/#website"},"primaryImageOfPage":{"@id":"https:\/\/ijsselmeerzeilers.nl\/de\/uber-uns\/#primaryimage"},"image":{"@id":"https:\/\/ijsselmeerzeilers.nl\/de\/uber-uns\/#primaryimage"},"thumbnailUrl":"https:\/\/ijsselmeerzeilers.nl\/wp-content\/uploads\/2022\/03\/IMG_20210328_115257-225x300.jpg","datePublished":"2015-05-15T08:49:52+00:00","dateModified":"2022-05-09T07:59:53+00:00","breadcrumb":{"@id":"https:\/\/ijsselmeerzeilers.nl\/de\/uber-uns\/#breadcrumb"},"inLanguage":"de","potentialAction":[{"@type":"ReadAction","target":["https:\/\/ijsselmeerzeilers.nl\/de\/uber-uns\/"]}]},{"@type":"ImageObject","inLanguage":"de","@id":"https:\/\/ijsselmeerzeilers.nl\/de\/uber-uns\/#primaryimage","url":"https:\/\/ijsselmeerzeilers.nl\/wp-content\/uploads\/2022\/03\/IMG_20210328_115257-225x300.jpg","contentUrl":"https:\/\/ijsselmeerzeilers.nl\/wp-content\/uploads\/2022\/03\/IMG_20210328_115257-225x300.jpg"},{"@type":"BreadcrumbList","@id":"https:\/\/ijsselmeerzeilers.nl\/de\/uber-uns\/#breadcrumb","itemListElement":[{"@type":"ListItem","position":1,"name":"Home","item":"https:\/\/ijsselmeerzeilers.nl\/de\/"},{"@type":"ListItem","position":2,"name":"Over ons"}]},{"@type":"WebSite","@id":"https:\/\/ijsselmeerzeilers.nl\/#website","url":"https:\/\/ijsselmeerzeilers.nl\/","name":"IJsselmeerzeilers Zeilboot Huren","description":"Houten Zeiljachten Nederlandse makelij","publisher":{"@id":"https:\/\/ijsselmeerzeilers.nl\/#organization"},"potentialAction":[{"@type":"SearchAction","target":{"@type":"EntryPoint","urlTemplate":"https:\/\/ijsselmeerzeilers.nl\/?s={search_term_string}"},"query-input":{"@type":"PropertyValueSpecification","valueRequired":true,"valueName":"search_term_string"}}],"inLanguage":"de"},{"@type":"Organization","@id":"https:\/\/ijsselmeerzeilers.nl\/#organization","name":"IJsselmeerzeilers","url":"https:\/\/ijsselmeerzeilers.nl\/","logo":{"@type":"ImageObject","inLanguage":"de","@id":"https:\/\/ijsselmeerzeilers.nl\/#\/schema\/logo\/image\/","url":"https:\/\/ijsselmeerzeilers.nl\/wp-content\/uploads\/2015\/02\/ijsselmeerzeilerslogo7682.jpg","contentUrl":"https:\/\/ijsselmeerzeilers.nl\/wp-content\/uploads\/2015\/02\/ijsselmeerzeilerslogo7682.jpg","width":768,"height":160,"caption":"IJsselmeerzeilers"},"image":{"@id":"https:\/\/ijsselmeerzeilers.nl\/#\/schema\/logo\/image\/"},"sameAs":["https:\/\/www.facebook.com\/ijsselmeerzeilers.nl","https:\/\/www.youtube.com\/@ijsselmeerzeilers","https:\/\/www.instagram.com\/ijsselmeerzeilers"]}]}},"_links":{"self":[{"href":"https:\/\/ijsselmeerzeilers.nl\/de\/wp-json\/wp\/v2\/pages\/3880","targetHints":{"allow":["GET"]}}],"collection":[{"href":"https:\/\/ijsselmeerzeilers.nl\/de\/wp-json\/wp\/v2\/pages"}],"about":[{"href":"https:\/\/ijsselmeerzeilers.nl\/de\/wp-json\/wp\/v2\/types\/page"}],"author":[{"embeddable":true,"href":"https:\/\/ijsselmeerzeilers.nl\/de\/wp-json\/wp\/v2\/users\/6"}],"replies":[{"embeddable":true,"href":"https:\/\/ijsselmeerzeilers.nl\/de\/wp-json\/wp\/v2\/comments?post=3880"}],"version-history":[{"count":6,"href":"https:\/\/ijsselmeerzeilers.nl\/de\/wp-json\/wp\/v2\/pages\/3880\/revisions"}],"predecessor-version":[{"id":4626,"href":"https:\/\/ijsselmeerzeilers.nl\/de\/wp-json\/wp\/v2\/pages\/3880\/revisions\/4626"}],"wp:attachment":[{"href":"https:\/\/ijsselmeerzeilers.nl\/de\/wp-json\/wp\/v2\/media?parent=3880"}],"curies":[{"name":"wp","href":"https:\/\/api.w.org\/{rel}","templated":true}]}}