{"id":3899,"date":"2020-12-16T14:21:54","date_gmt":"2020-12-16T13:21:54","guid":{"rendered":"https:\/\/ijsselmeerzeilers.nl\/?page_id=3899"},"modified":"2020-12-16T14:21:54","modified_gmt":"2020-12-16T13:21:54","slug":"datenschutzpolitik","status":"publish","type":"page","link":"https:\/\/ijsselmeerzeilers.nl\/de\/datenschutzpolitik\/","title":{"rendered":"Datenschutzpolitik"},"content":{"rendered":"<div id='av_section_1'  class='avia-section av-2cose-18481dfd2cc7ccc22d8a393b3ab055bb main_color avia-section-default avia-no-border-styling  avia-builder-el-0  avia-builder-el-no-sibling  avia-bg-style-scroll container_wrap sidebar_right'  ><div class='container av-section-cont-open' ><main  role=\"main\" itemprop=\"mainContentOfPage\"  class='template-page content  av-content-small alpha units'><div class='post-entry post-entry-type-page post-entry-3899'><div class='entry-content-wrapper clearfix'>\n\n<style type=\"text\/css\" data-created_by=\"avia_inline_auto\" id=\"style-css-av-zofq-28e4087d0e5d49eb2cfe00cab0c5876b\">\n.flex_column.av-zofq-28e4087d0e5d49eb2cfe00cab0c5876b{\nborder-radius:0px 0px 0px 0px;\npadding:0px 0px 0px 0px;\n}\n<\/style>\n<div  class='flex_column av-zofq-28e4087d0e5d49eb2cfe00cab0c5876b av_one_full  avia-builder-el-1  el_before_av_hr  avia-builder-el-first  first flex_column_div av-zero-column-padding  '     ><section  class='av_textblock_section av-jp2oj2ik-23b21b8a5480ef47131caed498915749 '   itemscope=\"itemscope\" itemtype=\"https:\/\/schema.org\/CreativeWork\" ><div class='avia_textblock Rosanne'  itemprop=\"text\" ><h1>Datenschutzpolitik<\/h1>\n<\/div><\/section><\/div>\n<style type=\"text\/css\" data-created_by=\"avia_inline_auto\" id=\"style-css-av-jp2okibl-3a9d790c7ff24b7a919d6e2f8728a320\">\n#top .hr.av-jp2okibl-3a9d790c7ff24b7a919d6e2f8728a320{\nmargin-top:0px;\nmargin-bottom:30px;\n}\n.hr.av-jp2okibl-3a9d790c7ff24b7a919d6e2f8728a320 .hr-inner{\nwidth:100px;\nborder-color:#047a9e;\n}\n<\/style>\n<div  class='hr av-jp2okibl-3a9d790c7ff24b7a919d6e2f8728a320 hr-custom  avia-builder-el-3  el_after_av_one_full  el_before_av_one_full  hr-left hr-icon-no'><span class='hr-inner inner-border-av-border-fat'><span class=\"hr-inner-style\"><\/span><\/span><\/div>\n\n<style type=\"text\/css\" data-created_by=\"avia_inline_auto\" id=\"style-css-av-11ym2-1be7512f91bda7144391002b60f40ea3\">\n.flex_column.av-11ym2-1be7512f91bda7144391002b60f40ea3{\nborder-radius:0px 0px 0px 0px;\npadding:0px 0px 0px 0px;\n}\n<\/style>\n<div  class='flex_column av-11ym2-1be7512f91bda7144391002b60f40ea3 av_one_full  avia-builder-el-4  el_after_av_hr  avia-builder-el-last  first flex_column_div av-zero-column-padding  '     ><section  class='av_textblock_section av-jp2tlbjo-780baf65e4ed3c4db8e471dae58d6009 '   itemscope=\"itemscope\" itemtype=\"https:\/\/schema.org\/CreativeWork\" ><div class='avia_textblock Rosanne'  itemprop=\"text\" ><p><strong>Datenschutzpolitik (Version 10.5.2018)\u00a0<\/strong><\/p>\n<p><span lang=\"de-DE\">Wir sind uns dessen bewusst, dass Sie uns Ihr Vertrauen schenken. Daher obliegt uns die Verantwortung des Schutzes Ihrer Daten. Auf dieser Seite erfahren Sie, welche Daten wir bei Ihrem Besuch unserer Website sammeln, wieso wir diese Daten sammeln und wie wir mit ihnen Ihre Nutzung optimieren. So werden Sie unsere Vorgehensweise verstehen.<\/span><\/p>\n<p><span lang=\"de-DE\">Mit Ihrer Nutzung dieser Website erkl\u00e4ren Sie sich mit der Datenschutzpolitik einverstanden. IJsselmeerzeilers Verhuur wahrt die Privatsph\u00e4re aller Nutzer*innen seiner Website und stellt sicher, dass die uns von Ihnen \u00fcbermittelten personenbezogenen Daten vertraulich behandelt werden.<\/span><\/p>\n<p><span lang=\"de-DE\">Wenn Sie sich f\u00fcr eine unserer Internet-Dienstleistungen anmelden, bitten wir Sie, uns Ihre personenbezogenen Daten mitzuteilen. Diese Daten werden auf abgesicherten Servern gespeichert. Wir werden diese Daten nicht mit anderen personenbezogenen Daten kombinieren, die uns vorliegen.<\/span><\/p>\n<p><strong><span lang=\"de-DE\">Kommunikation<\/span><\/strong><\/p>\n<p><span lang=\"de-DE\">Wenn Sie uns eine E-Mail oder andere Berichte senden, ist es m\u00f6glich, dass wir diese Berichte aufbewahren. Gegebenenfalls bitten wir Sie um die personenbezogenen Daten, die f\u00fcr die jeweilige Situation relevant sind. Das erm\u00f6glicht es uns, Ihre Fragen zu beantworten und Ihre Antr\u00e4ge zu verarbeiten. Die Daten werden auf abgesicherten Servern gespeichert. Wir werden diese Daten nicht mit anderen personenbezogenen Daten kombinieren, die uns vorliegen.<\/span><\/p>\n<p><strong><span lang=\"de-DE\">Cookies<\/span><\/strong><\/p>\n<p><span lang=\"de-DE\">Wir sammeln Daten zu Untersuchungszwecken, damit wir mehr \u00fcber unsere Kund*innen erfahren und unsere Dienstleistungen entsprechend anpassen k\u00f6nnen.<\/span><\/p>\n<p><span lang=\"de-DE\">Die Website ijsselmeerzeilers.nl benutzt \u2018Cookies\u2019 (Textinformationen, die auf dem Computer gespeichert werden), damit die Nutzung der Website ausgewertet werden kann. Die durch das Cookie erzeugten Informationen \u00fcber die Benutzung der Website k\u00f6nnen auf eigene, abgesicherte Server \u00fcbermittelt werden. Mithilfe dieser Informationen verschaffen wir uns eine \u00dcbersicht \u00fcber die Nutzung der Website durch Sie \/ die Besucher, erstellen wir Berichte \u00fcber die Website-Aktivit\u00e4t und bieten wir weitere mit der Websitenutzung und der Internetnutzung verbundene Dienstleistungen an.<\/span><\/p>\n<p><span lang=\"de-DE\">Wir sammeln oder benutzen Informationen ausschlie\u00dflich zu den in dieser Datenschutzpolitik aufgef\u00fchrten Zwecken, es sei denn, Sie haben uns dazu vorab Ihre Genehmigung erteilt.<\/span><\/p>\n<p><span lang=\"de-DE\">Die Informationen werden nicht mit Dritten geteilt. Unter Umst\u00e4nden k\u00f6nnen Informationen f\u00fcr allgemeine statistische Zwecke intern geteilt werden. Unsere Mitarbeiter*innen sind gehalten, die Vertraulichkeit Ihrer Daten zu wahren.<\/span><\/p>\n<p><span lang=\"de-DE\">Diese Datenschutzerkl\u00e4rung ist auf die Websitenutzung und ihre M\u00f6glichkeiten abgestimmt. M\u00f6gliche Anpassungen und\/oder \u00c4nderungen dieser Website k\u00f6nnen mit \u00c4nderungen dieser Datenschutzerkl\u00e4rung einhergehen. Daher ist es ratsam, sich diese Datenschutzerkl\u00e4rung regelm\u00e4\u00dfig anzusehen.<\/span><\/p>\n<p><strong><span lang=\"de-DE\">Wahl personenbezogener Daten<\/span><\/strong><\/p>\n<p><span lang=\"de-DE\">Wir erm\u00f6glichen es allen Besucher*innen, sich ihre personenbezogenen Daten, die uns bis dahin erteilt wurden, anzusehen, sie zu ver\u00e4ndern oder zu l\u00f6schen.<\/span><\/p>\n<p><strong><span lang=\"de-DE\">Anpassung\/Abmeldung vom Newsletter<\/span><\/strong><\/p>\n<p><span lang=\"de-DE\">Am Ende eines jeden Newsletters finden Sie die M\u00f6glichkeit, Ihre Daten anzupassen oder sich abzumelden.<\/span><\/p>\n<p><strong><span lang=\"de-DE\">Anpassung\/Abmeldung Kommunikation<\/span><\/strong><\/p>\n<p><span lang=\"de-DE\">Wenn Sie Ihre Daten ver\u00e4ndern oder sich aus unseren Listen entfernen lassen m\u00f6chten, k\u00f6nnen Sie sich mittels des Kontaktformulars auf dieser Website an uns wenden.<\/span><\/p>\n<p><strong><span lang=\"de-DE\">Cookies deaktivieren<\/span><\/strong><\/p>\n<p><span lang=\"de-DE\">Die meisten Browser sind zwar darauf voreingestellt, Cookies zu akzeptieren, aber man kann seinen Browser neu einstellen, alle Cookies abzulehnen oder um anzugeben, wann ein Cookie versandt wird. M\u00f6glich ist jedoch, dass manche Funktionen und Dienstleistungen, auf unserer und anderen Websites, nicht richtig funktionieren, wenn Cookies im Browser deaktiviert wurden.<\/span><\/p>\n<p><strong><span lang=\"de-DE\">Fragen und Feedback<\/span><\/strong><\/p>\n<p><span lang=\"de-DE\">Wir \u00fcberpr\u00fcfen regelm\u00e4\u00dfig, ob wir dieser Datenschutzpolitik gerecht werden. Mit Fragen \u00fcber diese Datenschutzpolitik k\u00f6nnen Sie sich jederzeit an uns wenden.<\/span><\/p>\n<p><strong><span lang=\"de-DE\">Fernabsatzgesetz<\/span><\/strong><\/p>\n<p><span lang=\"de-DE\">Wir m\u00f6chten Sie darauf aufmerksam machen, dass im Internet get\u00e4tigte Reservierungen endg\u00fcltig sind. Die sogenannte Widerrufsfrist, von der im Fernabsatzgesetz die Rede ist, gilt nicht f\u00fcr Urlaubsreisen und demnach auch nicht f\u00fcr die Reservierung eines Segelboots\/Segelurlaubs, die Sie f\u00fcr einen abgesteckten Zeitraum t\u00e4tigen. Sie als Verbraucher*in brauchen Klarheit und genau die verk\u00f6rpern die HISWA-Unternehmen! Kurz und gut ist die Wahl eines HISWA-Qualit\u00e4tsunternehmens stets die beste L\u00f6sung f\u00fcr Sie!<\/span><\/p>\n<\/div><\/section><\/div><\/div><\/div><\/main><!-- close content main element --><\/div><\/div><div id='after_section_1'  class='main_color av_default_container_wrap container_wrap sidebar_right'  ><div class='container av-section-cont-open' ><div class='template-page content  av-content-small alpha units'><div class='post-entry post-entry-type-page post-entry-3899'><div class='entry-content-wrapper clearfix'>\n","protected":false},"excerpt":{"rendered":"","protected":false},"author":6,"featured_media":0,"parent":0,"menu_order":0,"comment_status":"closed","ping_status":"closed","template":"","meta":{"footnotes":""},"class_list":["post-3899","page","type-page","status-publish","hentry"],"yoast_head":"<!-- This site is optimized with the Yoast SEO plugin v27.4 - https:\/\/yoast.com\/product\/yoast-seo-wordpress\/ -->\n<title>Datenschutzpolitik &#8226; Segelbootverleih auf dem IJsselmeer - IJsselmeerzeilers<\/title>\n<meta name=\"robots\" content=\"index, follow, max-snippet:-1, max-image-preview:large, max-video-preview:-1\" \/>\n<link rel=\"canonical\" href=\"https:\/\/ijsselmeerzeilers.nl\/de\/datenschutzpolitik\/\" \/>\n<meta property=\"og:locale\" content=\"de_DE\" \/>\n<meta property=\"og:type\" content=\"article\" \/>\n<meta property=\"og:title\" content=\"Datenschutzpolitik &#8226; Segelbootverleih auf dem IJsselmeer - IJsselmeerzeilers\" \/>\n<meta property=\"og:url\" content=\"https:\/\/ijsselmeerzeilers.nl\/de\/datenschutzpolitik\/\" \/>\n<meta property=\"og:site_name\" content=\"Segelbootverleih auf dem IJsselmeer - IJsselmeerzeilers\" \/>\n<meta property=\"article:publisher\" content=\"https:\/\/www.facebook.com\/ijsselmeerzeilers.nl\" \/>\n<meta name=\"twitter:card\" content=\"summary_large_image\" \/>\n<meta name=\"twitter:label1\" content=\"Gesch\u00e4tzte Lesezeit\" \/>\n\t<meta name=\"twitter:data1\" content=\"5\u00a0Minuten\" \/>\n<script type=\"application\/ld+json\" class=\"yoast-schema-graph\">{\"@context\":\"https:\\\/\\\/schema.org\",\"@graph\":[{\"@type\":\"WebPage\",\"@id\":\"https:\\\/\\\/ijsselmeerzeilers.nl\\\/de\\\/datenschutzpolitik\\\/\",\"url\":\"https:\\\/\\\/ijsselmeerzeilers.nl\\\/de\\\/datenschutzpolitik\\\/\",\"name\":\"Datenschutzpolitik &#8226; Segelbootverleih auf dem IJsselmeer - IJsselmeerzeilers\",\"isPartOf\":{\"@id\":\"https:\\\/\\\/ijsselmeerzeilers.nl\\\/#website\"},\"datePublished\":\"2020-12-16T13:21:54+00:00\",\"breadcrumb\":{\"@id\":\"https:\\\/\\\/ijsselmeerzeilers.nl\\\/de\\\/datenschutzpolitik\\\/#breadcrumb\"},\"inLanguage\":\"de\",\"potentialAction\":[{\"@type\":\"ReadAction\",\"target\":[\"https:\\\/\\\/ijsselmeerzeilers.nl\\\/de\\\/datenschutzpolitik\\\/\"]}]},{\"@type\":\"BreadcrumbList\",\"@id\":\"https:\\\/\\\/ijsselmeerzeilers.nl\\\/de\\\/datenschutzpolitik\\\/#breadcrumb\",\"itemListElement\":[{\"@type\":\"ListItem\",\"position\":1,\"name\":\"Home\",\"item\":\"https:\\\/\\\/ijsselmeerzeilers.nl\\\/de\\\/\"},{\"@type\":\"ListItem\",\"position\":2,\"name\":\"Datenschutzpolitik\"}]},{\"@type\":\"WebSite\",\"@id\":\"https:\\\/\\\/ijsselmeerzeilers.nl\\\/#website\",\"url\":\"https:\\\/\\\/ijsselmeerzeilers.nl\\\/\",\"name\":\"IJsselmeerzeilers Zeilboot Huren\",\"description\":\"Houten Zeiljachten Nederlandse makelij\",\"publisher\":{\"@id\":\"https:\\\/\\\/ijsselmeerzeilers.nl\\\/#organization\"},\"potentialAction\":[{\"@type\":\"SearchAction\",\"target\":{\"@type\":\"EntryPoint\",\"urlTemplate\":\"https:\\\/\\\/ijsselmeerzeilers.nl\\\/?s={search_term_string}\"},\"query-input\":{\"@type\":\"PropertyValueSpecification\",\"valueRequired\":true,\"valueName\":\"search_term_string\"}}],\"inLanguage\":\"de\"},{\"@type\":\"Organization\",\"@id\":\"https:\\\/\\\/ijsselmeerzeilers.nl\\\/#organization\",\"name\":\"IJsselmeerzeilers\",\"url\":\"https:\\\/\\\/ijsselmeerzeilers.nl\\\/\",\"logo\":{\"@type\":\"ImageObject\",\"inLanguage\":\"de\",\"@id\":\"https:\\\/\\\/ijsselmeerzeilers.nl\\\/#\\\/schema\\\/logo\\\/image\\\/\",\"url\":\"https:\\\/\\\/ijsselmeerzeilers.nl\\\/wp-content\\\/uploads\\\/2015\\\/02\\\/ijsselmeerzeilerslogo7682.jpg\",\"contentUrl\":\"https:\\\/\\\/ijsselmeerzeilers.nl\\\/wp-content\\\/uploads\\\/2015\\\/02\\\/ijsselmeerzeilerslogo7682.jpg\",\"width\":768,\"height\":160,\"caption\":\"IJsselmeerzeilers\"},\"image\":{\"@id\":\"https:\\\/\\\/ijsselmeerzeilers.nl\\\/#\\\/schema\\\/logo\\\/image\\\/\"},\"sameAs\":[\"https:\\\/\\\/www.facebook.com\\\/ijsselmeerzeilers.nl\",\"https:\\\/\\\/www.youtube.com\\\/@ijsselmeerzeilers\",\"https:\\\/\\\/www.instagram.com\\\/ijsselmeerzeilers\"]}]}<\/script>\n<!-- \/ Yoast SEO plugin. -->","yoast_head_json":{"title":"Datenschutzpolitik &#8226; Segelbootverleih auf dem IJsselmeer - IJsselmeerzeilers","robots":{"index":"index","follow":"follow","max-snippet":"max-snippet:-1","max-image-preview":"max-image-preview:large","max-video-preview":"max-video-preview:-1"},"canonical":"https:\/\/ijsselmeerzeilers.nl\/de\/datenschutzpolitik\/","og_locale":"de_DE","og_type":"article","og_title":"Datenschutzpolitik &#8226; Segelbootverleih auf dem IJsselmeer - IJsselmeerzeilers","og_url":"https:\/\/ijsselmeerzeilers.nl\/de\/datenschutzpolitik\/","og_site_name":"Segelbootverleih auf dem IJsselmeer - IJsselmeerzeilers","article_publisher":"https:\/\/www.facebook.com\/ijsselmeerzeilers.nl","twitter_card":"summary_large_image","twitter_misc":{"Gesch\u00e4tzte Lesezeit":"5\u00a0Minuten"},"schema":{"@context":"https:\/\/schema.org","@graph":[{"@type":"WebPage","@id":"https:\/\/ijsselmeerzeilers.nl\/de\/datenschutzpolitik\/","url":"https:\/\/ijsselmeerzeilers.nl\/de\/datenschutzpolitik\/","name":"Datenschutzpolitik &#8226; Segelbootverleih auf dem IJsselmeer - IJsselmeerzeilers","isPartOf":{"@id":"https:\/\/ijsselmeerzeilers.nl\/#website"},"datePublished":"2020-12-16T13:21:54+00:00","breadcrumb":{"@id":"https:\/\/ijsselmeerzeilers.nl\/de\/datenschutzpolitik\/#breadcrumb"},"inLanguage":"de","potentialAction":[{"@type":"ReadAction","target":["https:\/\/ijsselmeerzeilers.nl\/de\/datenschutzpolitik\/"]}]},{"@type":"BreadcrumbList","@id":"https:\/\/ijsselmeerzeilers.nl\/de\/datenschutzpolitik\/#breadcrumb","itemListElement":[{"@type":"ListItem","position":1,"name":"Home","item":"https:\/\/ijsselmeerzeilers.nl\/de\/"},{"@type":"ListItem","position":2,"name":"Datenschutzpolitik"}]},{"@type":"WebSite","@id":"https:\/\/ijsselmeerzeilers.nl\/#website","url":"https:\/\/ijsselmeerzeilers.nl\/","name":"IJsselmeerzeilers Zeilboot Huren","description":"Houten Zeiljachten Nederlandse makelij","publisher":{"@id":"https:\/\/ijsselmeerzeilers.nl\/#organization"},"potentialAction":[{"@type":"SearchAction","target":{"@type":"EntryPoint","urlTemplate":"https:\/\/ijsselmeerzeilers.nl\/?s={search_term_string}"},"query-input":{"@type":"PropertyValueSpecification","valueRequired":true,"valueName":"search_term_string"}}],"inLanguage":"de"},{"@type":"Organization","@id":"https:\/\/ijsselmeerzeilers.nl\/#organization","name":"IJsselmeerzeilers","url":"https:\/\/ijsselmeerzeilers.nl\/","logo":{"@type":"ImageObject","inLanguage":"de","@id":"https:\/\/ijsselmeerzeilers.nl\/#\/schema\/logo\/image\/","url":"https:\/\/ijsselmeerzeilers.nl\/wp-content\/uploads\/2015\/02\/ijsselmeerzeilerslogo7682.jpg","contentUrl":"https:\/\/ijsselmeerzeilers.nl\/wp-content\/uploads\/2015\/02\/ijsselmeerzeilerslogo7682.jpg","width":768,"height":160,"caption":"IJsselmeerzeilers"},"image":{"@id":"https:\/\/ijsselmeerzeilers.nl\/#\/schema\/logo\/image\/"},"sameAs":["https:\/\/www.facebook.com\/ijsselmeerzeilers.nl","https:\/\/www.youtube.com\/@ijsselmeerzeilers","https:\/\/www.instagram.com\/ijsselmeerzeilers"]}]}},"_links":{"self":[{"href":"https:\/\/ijsselmeerzeilers.nl\/de\/wp-json\/wp\/v2\/pages\/3899","targetHints":{"allow":["GET"]}}],"collection":[{"href":"https:\/\/ijsselmeerzeilers.nl\/de\/wp-json\/wp\/v2\/pages"}],"about":[{"href":"https:\/\/ijsselmeerzeilers.nl\/de\/wp-json\/wp\/v2\/types\/page"}],"author":[{"embeddable":true,"href":"https:\/\/ijsselmeerzeilers.nl\/de\/wp-json\/wp\/v2\/users\/6"}],"replies":[{"embeddable":true,"href":"https:\/\/ijsselmeerzeilers.nl\/de\/wp-json\/wp\/v2\/comments?post=3899"}],"version-history":[{"count":4,"href":"https:\/\/ijsselmeerzeilers.nl\/de\/wp-json\/wp\/v2\/pages\/3899\/revisions"}],"predecessor-version":[{"id":3903,"href":"https:\/\/ijsselmeerzeilers.nl\/de\/wp-json\/wp\/v2\/pages\/3899\/revisions\/3903"}],"wp:attachment":[{"href":"https:\/\/ijsselmeerzeilers.nl\/de\/wp-json\/wp\/v2\/media?parent=3899"}],"curies":[{"name":"wp","href":"https:\/\/api.w.org\/{rel}","templated":true}]}}