{"id":3907,"date":"2020-12-16T14:24:55","date_gmt":"2020-12-16T13:24:55","guid":{"rendered":"https:\/\/ijsselmeerzeilers.nl\/?page_id=3907"},"modified":"2020-12-16T14:24:55","modified_gmt":"2020-12-16T13:24:55","slug":"hausordnung","status":"publish","type":"page","link":"https:\/\/ijsselmeerzeilers.nl\/de\/uber-uns\/hausordnung\/","title":{"rendered":"Hausordnung"},"content":{"rendered":"<div id='av_section_1'  class='avia-section av-2cose-18481dfd2cc7ccc22d8a393b3ab055bb main_color avia-section-default avia-no-border-styling  avia-builder-el-0  avia-builder-el-no-sibling  avia-bg-style-scroll container_wrap sidebar_right'  ><div class='container av-section-cont-open' ><main  role=\"main\" itemprop=\"mainContentOfPage\"  class='template-page content  av-content-small alpha units'><div class='post-entry post-entry-type-page post-entry-3907'><div class='entry-content-wrapper clearfix'>\n\n<style type=\"text\/css\" data-created_by=\"avia_inline_auto\" id=\"style-css-av-zofq-28e4087d0e5d49eb2cfe00cab0c5876b\">\n.flex_column.av-zofq-28e4087d0e5d49eb2cfe00cab0c5876b{\nborder-radius:0px 0px 0px 0px;\npadding:0px 0px 0px 0px;\n}\n<\/style>\n<div  class='flex_column av-zofq-28e4087d0e5d49eb2cfe00cab0c5876b av_one_full  avia-builder-el-1  el_before_av_hr  avia-builder-el-first  first flex_column_div av-zero-column-padding  '     ><section  class='av_textblock_section av-jp2oj2ik-23b21b8a5480ef47131caed498915749 '   itemscope=\"itemscope\" itemtype=\"https:\/\/schema.org\/CreativeWork\" ><div class='avia_textblock Rosanne'  itemprop=\"text\" ><h1>IJsselmeerzeilers Hausordnung<\/h1>\n<\/div><\/section><\/div>\n<style type=\"text\/css\" data-created_by=\"avia_inline_auto\" id=\"style-css-av-jp2okibl-3a9d790c7ff24b7a919d6e2f8728a320\">\n#top .hr.av-jp2okibl-3a9d790c7ff24b7a919d6e2f8728a320{\nmargin-top:0px;\nmargin-bottom:30px;\n}\n.hr.av-jp2okibl-3a9d790c7ff24b7a919d6e2f8728a320 .hr-inner{\nwidth:100px;\nborder-color:#047a9e;\n}\n<\/style>\n<div  class='hr av-jp2okibl-3a9d790c7ff24b7a919d6e2f8728a320 hr-custom  avia-builder-el-3  el_after_av_one_full  el_before_av_one_full  hr-left hr-icon-no'><span class='hr-inner inner-border-av-border-fat'><span class=\"hr-inner-style\"><\/span><\/span><\/div>\n\n<style type=\"text\/css\" data-created_by=\"avia_inline_auto\" id=\"style-css-av-11ym2-1be7512f91bda7144391002b60f40ea3\">\n.flex_column.av-11ym2-1be7512f91bda7144391002b60f40ea3{\nborder-radius:0px 0px 0px 0px;\npadding:0px 0px 0px 0px;\n}\n<\/style>\n<div  class='flex_column av-11ym2-1be7512f91bda7144391002b60f40ea3 av_one_full  avia-builder-el-4  el_after_av_hr  avia-builder-el-last  first flex_column_div av-zero-column-padding  '     ><section  class='av_textblock_section av-jp2t8vas-025c4a78486863e0560732663dd835f9 '   itemscope=\"itemscope\" itemtype=\"https:\/\/schema.org\/CreativeWork\" ><div class='avia_textblock Rosanne'  itemprop=\"text\" ><div id=\"midden\">\n<p>Wenn Sie mit uns segeln m\u00f6chten, m\u00fcssen Sie unsere schlichte Hausordnung einhalten:<\/p>\n<ul>\n<li>Der Skipper\/Eigent\u00fcmer tr\u00e4gt f\u00fcr die Sicherheit und das Wohlbefinden der Besatzung sowie f\u00fcr das Segelboot jederzeit die Verantwortung.<\/li>\n<li>Wer mitsegelt oder zusteigt, ist gehalten, den Anweisungen des Skippers Folge zu leisten.<br \/>\nTragen Sie ausreichend warme Bekleidung sowie Stiefeln oder Schuhe mit hellen Sohlen, sodass auf dem Deck keine Streifen entstehen.<\/li>\n<li>Vom Rauchen wird an Bord des Segelboots, insbesondere aufgrund der Segelhandlungen und drinnen, abgeraten.<\/li>\n<li>Das Segelboot wird Ihnen sauber \u00fcbereignet und muss auch bei Abgabe sauber sein.<br \/>\nReise- und Unfallversicherung sowie die Reiser\u00fccktrittsversicherung gehen auf Rechnung der Segler*innen.<\/li>\n<\/ul>\n<p><strong>Die Blaue Flagge<\/strong><\/p>\n<p>Goldene Verhaltensregeln:<\/p>\n<ul>\n<li>Ich entsorge meinen M\u00fcll nicht im Wasser, an der K\u00fcste oder am Ufer.<\/li>\n<li>In K\u00fcstengew\u00e4ssern und in empfindlichen Gebieten lasse ich kein Toilettenwasser ab.<\/li>\n<li>Ich entsorge keine giftigen oder gef\u00e4hrlichen Abf\u00e4lle (\u00d6l, Farbe, leere Batterien, Reinigungsmittel usw.) im Wasser. Solche Abfallstoffe gebe ich in die daf\u00fcr vorgesehenen Container im Yachthafen.<\/li>\n<li>Ich trenne meinen Abfall und entsorge ihn in Containern (Glas, Papier usw.).<br \/>\nIch ermutige andere Personen, genauso vorzugehen.<\/li>\n<li>Beim Kauf von Farbe, anwuchsverhindernden Mitteln, Farbentferningsmitteln, Reinigungsmitteln usw. entscheide ich mich f\u00fcr die umweltfreundlichsten Produkte.<\/li>\n<li>Verschmutzung oder andere Verst\u00f6\u00dfe gegen Umweltauflagen melde ich unverz\u00fcglich den Beh\u00f6rden.<\/li>\n<li>Beim Angeln verwende ich keine ungesetzlichen Methoden und ich angle nicht in Perioden, in denen es nicht gestattet ist.<\/li>\n<li>Ich sch\u00fctze Tiere und Pflanzen im Wasser und st\u00f6re br\u00fctende V\u00f6gel nicht.<\/li>\n<li>Ich respektiere empfindliche Naturschutzgebiete.<\/li>\n<li>Ich meide die Besch\u00e4digung von u.a. dem Meeresboden, zum Beispiel wenn ich vor Anker gehe.<br \/>\nIch stelle sicher, dass ich nicht Fanggebiete und Fangger\u00e4te st\u00f6re.<\/li>\n<li>Weder kaufe noch benutze ich Gegenst\u00e4nde, die aus gesch\u00fctzten Tierarten oder arch\u00e4ologischen Funden unter Wasser hergestellt wurden.<\/li>\n<li>Ich ermutige andere Wassersportler*innen, sich ebenfalls f\u00fcr die Umwelt zu engagieren.<\/li>\n<\/ul>\n<p>Wer das Wasser liebt, stellt sicher, dass es sauber bleibt. Wer sich h\u00e4ufig im, auf dem und am Wasser erholt, wei\u00df, was er verlangen darf, wenn irgendwo eine Blaue Flagge h\u00e4ngt: gute Schwimmwasserqualit\u00e4t und saubere, sichere Bedingungen. 2003 brachten FEE und ANWB eine au\u00dfergew\u00f6hnliche Variante der Blauen Flagge heraus: das Blaue F\u00e4hnchen. Dieses Umweltschutzg\u00fctezeichen gibt es f\u00fcr Bootseigent\u00fcmer*innen und Skipper, die sich auf dem Wasser verantwortungsbewusst, f\u00fcrsorglich und umweltfreundlich verhalten. Weitere Informationen finden Sie auf www.blauwevlag.nl.<\/p>\n<\/div>\n<\/div><\/section><\/div><\/div><\/div><\/main><!-- close content main element --><\/div><\/div><div id='after_section_1'  class='main_color av_default_container_wrap container_wrap sidebar_right'  ><div class='container av-section-cont-open' ><div class='template-page content  av-content-small alpha units'><div class='post-entry post-entry-type-page post-entry-3907'><div class='entry-content-wrapper clearfix'>\n","protected":false},"excerpt":{"rendered":"","protected":false},"author":6,"featured_media":0,"parent":3880,"menu_order":8,"comment_status":"closed","ping_status":"open","template":"","meta":{"footnotes":""},"class_list":["post-3907","page","type-page","status-publish","hentry"],"yoast_head":"<!-- This site is optimized with the Yoast SEO plugin v27.4 - https:\/\/yoast.com\/product\/yoast-seo-wordpress\/ -->\n<title>Hausordnung &#8226; Segelbootverleih auf dem IJsselmeer - IJsselmeerzeilers<\/title>\n<meta name=\"robots\" content=\"index, follow, max-snippet:-1, max-image-preview:large, max-video-preview:-1\" \/>\n<link rel=\"canonical\" href=\"https:\/\/ijsselmeerzeilers.nl\/de\/uber-uns\/hausordnung\/\" \/>\n<meta property=\"og:locale\" content=\"de_DE\" \/>\n<meta property=\"og:type\" content=\"article\" \/>\n<meta property=\"og:title\" content=\"Hausordnung &#8226; Segelbootverleih auf dem IJsselmeer - IJsselmeerzeilers\" \/>\n<meta property=\"og:url\" content=\"https:\/\/ijsselmeerzeilers.nl\/de\/uber-uns\/hausordnung\/\" \/>\n<meta property=\"og:site_name\" content=\"Segelbootverleih auf dem IJsselmeer - IJsselmeerzeilers\" \/>\n<meta property=\"article:publisher\" content=\"https:\/\/www.facebook.com\/ijsselmeerzeilers.nl\" \/>\n<meta name=\"twitter:card\" content=\"summary_large_image\" \/>\n<meta name=\"twitter:label1\" content=\"Gesch\u00e4tzte Lesezeit\" \/>\n\t<meta name=\"twitter:data1\" content=\"4\u00a0Minuten\" \/>\n<script type=\"application\/ld+json\" class=\"yoast-schema-graph\">{\"@context\":\"https:\\\/\\\/schema.org\",\"@graph\":[{\"@type\":\"WebPage\",\"@id\":\"https:\\\/\\\/ijsselmeerzeilers.nl\\\/de\\\/uber-uns\\\/hausordnung\\\/\",\"url\":\"https:\\\/\\\/ijsselmeerzeilers.nl\\\/de\\\/uber-uns\\\/hausordnung\\\/\",\"name\":\"Hausordnung &#8226; Segelbootverleih auf dem IJsselmeer - IJsselmeerzeilers\",\"isPartOf\":{\"@id\":\"https:\\\/\\\/ijsselmeerzeilers.nl\\\/#website\"},\"datePublished\":\"2020-12-16T13:24:55+00:00\",\"breadcrumb\":{\"@id\":\"https:\\\/\\\/ijsselmeerzeilers.nl\\\/de\\\/uber-uns\\\/hausordnung\\\/#breadcrumb\"},\"inLanguage\":\"de\",\"potentialAction\":[{\"@type\":\"ReadAction\",\"target\":[\"https:\\\/\\\/ijsselmeerzeilers.nl\\\/de\\\/uber-uns\\\/hausordnung\\\/\"]}]},{\"@type\":\"BreadcrumbList\",\"@id\":\"https:\\\/\\\/ijsselmeerzeilers.nl\\\/de\\\/uber-uns\\\/hausordnung\\\/#breadcrumb\",\"itemListElement\":[{\"@type\":\"ListItem\",\"position\":1,\"name\":\"Home\",\"item\":\"https:\\\/\\\/ijsselmeerzeilers.nl\\\/de\\\/\"},{\"@type\":\"ListItem\",\"position\":2,\"name\":\"Over ons\",\"item\":\"https:\\\/\\\/ijsselmeerzeilers.nl\\\/de\\\/uber-uns\\\/\"},{\"@type\":\"ListItem\",\"position\":3,\"name\":\"Hausordnung\"}]},{\"@type\":\"WebSite\",\"@id\":\"https:\\\/\\\/ijsselmeerzeilers.nl\\\/#website\",\"url\":\"https:\\\/\\\/ijsselmeerzeilers.nl\\\/\",\"name\":\"IJsselmeerzeilers Zeilboot Huren\",\"description\":\"Houten Zeiljachten Nederlandse makelij\",\"publisher\":{\"@id\":\"https:\\\/\\\/ijsselmeerzeilers.nl\\\/#organization\"},\"potentialAction\":[{\"@type\":\"SearchAction\",\"target\":{\"@type\":\"EntryPoint\",\"urlTemplate\":\"https:\\\/\\\/ijsselmeerzeilers.nl\\\/?s={search_term_string}\"},\"query-input\":{\"@type\":\"PropertyValueSpecification\",\"valueRequired\":true,\"valueName\":\"search_term_string\"}}],\"inLanguage\":\"de\"},{\"@type\":\"Organization\",\"@id\":\"https:\\\/\\\/ijsselmeerzeilers.nl\\\/#organization\",\"name\":\"IJsselmeerzeilers\",\"url\":\"https:\\\/\\\/ijsselmeerzeilers.nl\\\/\",\"logo\":{\"@type\":\"ImageObject\",\"inLanguage\":\"de\",\"@id\":\"https:\\\/\\\/ijsselmeerzeilers.nl\\\/#\\\/schema\\\/logo\\\/image\\\/\",\"url\":\"https:\\\/\\\/ijsselmeerzeilers.nl\\\/wp-content\\\/uploads\\\/2015\\\/02\\\/ijsselmeerzeilerslogo7682.jpg\",\"contentUrl\":\"https:\\\/\\\/ijsselmeerzeilers.nl\\\/wp-content\\\/uploads\\\/2015\\\/02\\\/ijsselmeerzeilerslogo7682.jpg\",\"width\":768,\"height\":160,\"caption\":\"IJsselmeerzeilers\"},\"image\":{\"@id\":\"https:\\\/\\\/ijsselmeerzeilers.nl\\\/#\\\/schema\\\/logo\\\/image\\\/\"},\"sameAs\":[\"https:\\\/\\\/www.facebook.com\\\/ijsselmeerzeilers.nl\",\"https:\\\/\\\/www.youtube.com\\\/@ijsselmeerzeilers\",\"https:\\\/\\\/www.instagram.com\\\/ijsselmeerzeilers\"]}]}<\/script>\n<!-- \/ Yoast SEO plugin. -->","yoast_head_json":{"title":"Hausordnung &#8226; Segelbootverleih auf dem IJsselmeer - IJsselmeerzeilers","robots":{"index":"index","follow":"follow","max-snippet":"max-snippet:-1","max-image-preview":"max-image-preview:large","max-video-preview":"max-video-preview:-1"},"canonical":"https:\/\/ijsselmeerzeilers.nl\/de\/uber-uns\/hausordnung\/","og_locale":"de_DE","og_type":"article","og_title":"Hausordnung &#8226; Segelbootverleih auf dem IJsselmeer - IJsselmeerzeilers","og_url":"https:\/\/ijsselmeerzeilers.nl\/de\/uber-uns\/hausordnung\/","og_site_name":"Segelbootverleih auf dem IJsselmeer - IJsselmeerzeilers","article_publisher":"https:\/\/www.facebook.com\/ijsselmeerzeilers.nl","twitter_card":"summary_large_image","twitter_misc":{"Gesch\u00e4tzte Lesezeit":"4\u00a0Minuten"},"schema":{"@context":"https:\/\/schema.org","@graph":[{"@type":"WebPage","@id":"https:\/\/ijsselmeerzeilers.nl\/de\/uber-uns\/hausordnung\/","url":"https:\/\/ijsselmeerzeilers.nl\/de\/uber-uns\/hausordnung\/","name":"Hausordnung &#8226; Segelbootverleih auf dem IJsselmeer - IJsselmeerzeilers","isPartOf":{"@id":"https:\/\/ijsselmeerzeilers.nl\/#website"},"datePublished":"2020-12-16T13:24:55+00:00","breadcrumb":{"@id":"https:\/\/ijsselmeerzeilers.nl\/de\/uber-uns\/hausordnung\/#breadcrumb"},"inLanguage":"de","potentialAction":[{"@type":"ReadAction","target":["https:\/\/ijsselmeerzeilers.nl\/de\/uber-uns\/hausordnung\/"]}]},{"@type":"BreadcrumbList","@id":"https:\/\/ijsselmeerzeilers.nl\/de\/uber-uns\/hausordnung\/#breadcrumb","itemListElement":[{"@type":"ListItem","position":1,"name":"Home","item":"https:\/\/ijsselmeerzeilers.nl\/de\/"},{"@type":"ListItem","position":2,"name":"Over ons","item":"https:\/\/ijsselmeerzeilers.nl\/de\/uber-uns\/"},{"@type":"ListItem","position":3,"name":"Hausordnung"}]},{"@type":"WebSite","@id":"https:\/\/ijsselmeerzeilers.nl\/#website","url":"https:\/\/ijsselmeerzeilers.nl\/","name":"IJsselmeerzeilers Zeilboot Huren","description":"Houten Zeiljachten Nederlandse makelij","publisher":{"@id":"https:\/\/ijsselmeerzeilers.nl\/#organization"},"potentialAction":[{"@type":"SearchAction","target":{"@type":"EntryPoint","urlTemplate":"https:\/\/ijsselmeerzeilers.nl\/?s={search_term_string}"},"query-input":{"@type":"PropertyValueSpecification","valueRequired":true,"valueName":"search_term_string"}}],"inLanguage":"de"},{"@type":"Organization","@id":"https:\/\/ijsselmeerzeilers.nl\/#organization","name":"IJsselmeerzeilers","url":"https:\/\/ijsselmeerzeilers.nl\/","logo":{"@type":"ImageObject","inLanguage":"de","@id":"https:\/\/ijsselmeerzeilers.nl\/#\/schema\/logo\/image\/","url":"https:\/\/ijsselmeerzeilers.nl\/wp-content\/uploads\/2015\/02\/ijsselmeerzeilerslogo7682.jpg","contentUrl":"https:\/\/ijsselmeerzeilers.nl\/wp-content\/uploads\/2015\/02\/ijsselmeerzeilerslogo7682.jpg","width":768,"height":160,"caption":"IJsselmeerzeilers"},"image":{"@id":"https:\/\/ijsselmeerzeilers.nl\/#\/schema\/logo\/image\/"},"sameAs":["https:\/\/www.facebook.com\/ijsselmeerzeilers.nl","https:\/\/www.youtube.com\/@ijsselmeerzeilers","https:\/\/www.instagram.com\/ijsselmeerzeilers"]}]}},"_links":{"self":[{"href":"https:\/\/ijsselmeerzeilers.nl\/de\/wp-json\/wp\/v2\/pages\/3907","targetHints":{"allow":["GET"]}}],"collection":[{"href":"https:\/\/ijsselmeerzeilers.nl\/de\/wp-json\/wp\/v2\/pages"}],"about":[{"href":"https:\/\/ijsselmeerzeilers.nl\/de\/wp-json\/wp\/v2\/types\/page"}],"author":[{"embeddable":true,"href":"https:\/\/ijsselmeerzeilers.nl\/de\/wp-json\/wp\/v2\/users\/6"}],"replies":[{"embeddable":true,"href":"https:\/\/ijsselmeerzeilers.nl\/de\/wp-json\/wp\/v2\/comments?post=3907"}],"version-history":[{"count":3,"href":"https:\/\/ijsselmeerzeilers.nl\/de\/wp-json\/wp\/v2\/pages\/3907\/revisions"}],"predecessor-version":[{"id":3910,"href":"https:\/\/ijsselmeerzeilers.nl\/de\/wp-json\/wp\/v2\/pages\/3907\/revisions\/3910"}],"up":[{"embeddable":true,"href":"https:\/\/ijsselmeerzeilers.nl\/de\/wp-json\/wp\/v2\/pages\/3880"}],"wp:attachment":[{"href":"https:\/\/ijsselmeerzeilers.nl\/de\/wp-json\/wp\/v2\/media?parent=3907"}],"curies":[{"name":"wp","href":"https:\/\/api.w.org\/{rel}","templated":true}]}}