{"id":3932,"date":"2017-03-26T21:08:30","date_gmt":"2017-03-26T19:08:30","guid":{"rendered":"https:\/\/ijsselmeerzeilers.nl\/?page_id=3932"},"modified":"2025-05-11T17:06:30","modified_gmt":"2025-05-11T15:06:30","slug":"polyvalk","status":"publish","type":"page","link":"https:\/\/ijsselmeerzeilers.nl\/de\/tagesmiete\/polyvalk\/","title":{"rendered":"Polyvalk"},"content":{"rendered":"<div id='av_section_1'  class='avia-section av-2cose-18481dfd2cc7ccc22d8a393b3ab055bb main_color avia-section-default avia-no-border-styling  avia-builder-el-0  avia-builder-el-no-sibling  avia-bg-style-scroll container_wrap sidebar_right'  ><div class='container av-section-cont-open' ><main  role=\"main\" itemprop=\"mainContentOfPage\"  class='template-page content  av-content-small alpha units'><div class='post-entry post-entry-type-page post-entry-3932'><div class='entry-content-wrapper clearfix'>\n\n<style type=\"text\/css\" data-created_by=\"avia_inline_auto\" id=\"style-css-av-zofq-28e4087d0e5d49eb2cfe00cab0c5876b\">\n.flex_column.av-zofq-28e4087d0e5d49eb2cfe00cab0c5876b{\nborder-radius:0px 0px 0px 0px;\npadding:0px 0px 0px 0px;\n}\n<\/style>\n<div  class='flex_column av-zofq-28e4087d0e5d49eb2cfe00cab0c5876b av_one_full  avia-builder-el-1  el_before_av_hr  avia-builder-el-first  first flex_column_div av-zero-column-padding  '     ><section  class='av_textblock_section av-jp2oj2ik-19b6d772aafd026cc861a90d80f0e5f8 '   itemscope=\"itemscope\" itemtype=\"https:\/\/schema.org\/CreativeWork\" ><div class='avia_textblock Rosanne'  itemprop=\"text\" ><h1 class=\"title-header\">Polyvalk<\/h1>\n<\/div><\/section><\/div>\n<style type=\"text\/css\" data-created_by=\"avia_inline_auto\" id=\"style-css-av-jp2okibl-3a9d790c7ff24b7a919d6e2f8728a320\">\n#top .hr.av-jp2okibl-3a9d790c7ff24b7a919d6e2f8728a320{\nmargin-top:0px;\nmargin-bottom:30px;\n}\n.hr.av-jp2okibl-3a9d790c7ff24b7a919d6e2f8728a320 .hr-inner{\nwidth:100px;\nborder-color:#047a9e;\n}\n<\/style>\n<div  class='hr av-jp2okibl-3a9d790c7ff24b7a919d6e2f8728a320 hr-custom  avia-builder-el-3  el_after_av_one_full  el_before_av_one_half  hr-left hr-icon-no'><span class='hr-inner inner-border-av-border-fat'><span class=\"hr-inner-style\"><\/span><\/span><\/div>\n\n<style type=\"text\/css\" data-created_by=\"avia_inline_auto\" id=\"style-css-av-1oivq-666c78b0e4e9a85ccc44b59d5434fef1\">\n.flex_column.av-1oivq-666c78b0e4e9a85ccc44b59d5434fef1{\nborder-radius:0px 0px 0px 0px;\npadding:0px 0px 0px 0px;\n}\n<\/style>\n<div  class='flex_column av-1oivq-666c78b0e4e9a85ccc44b59d5434fef1 av_one_half  avia-builder-el-4  el_after_av_hr  el_before_av_codeblock  first flex_column_div av-zero-column-padding  '     ><style type=\"text\/css\" data-created_by=\"avia_inline_auto\" id=\"style-css-av-jpbaj3ni-bc0d7a8f7320045b59745b0bfdcd76a8\">\n#top .avia-gallery.av-jpbaj3ni-bc0d7a8f7320045b59745b0bfdcd76a8 .avia-gallery-thumb a{\nwidth:25%;\n}\n<\/style>\n<div  class='avia-gallery av-jpbaj3ni-bc0d7a8f7320045b59745b0bfdcd76a8 avia_animate_when_visible  avia-builder-el-5  avia-builder-el-no-sibling  Rosanne avia_lazyload av-slideshow-ui av-loop-manual-endless av-control-hidden av-navigate-arrows hover-effect av-control-hidden avia-gallery-animate avia-gallery-1'  itemprop=\"image\" itemscope=\"itemscope\" itemtype=\"https:\/\/schema.org\/ImageObject\" ><meta itemprop=\"contentURL\" content=\"https:\/\/ijsselmeerzeilers.nl\/de\/tagesmiete\/polyvalk\/\"><div class='avia-gallery-big-wrapper'><a class='avia-gallery-big fakeLightbox avianolink noLightbox avia-gallery-big-crop-thumb ' href=\"https:\/\/ijsselmeerzeilers.nl\/wp-content\/uploads\/2022\/09\/polyvalk3-495x400-1.jpg\" data-srcset=\"https:\/\/ijsselmeerzeilers.nl\/wp-content\/uploads\/2022\/09\/polyvalk3-495x400-1.jpg 495w, https:\/\/ijsselmeerzeilers.nl\/wp-content\/uploads\/2022\/09\/polyvalk3-495x400-1-300x242.jpg 300w\" data-sizes=\"(max-width: 495px) 100vw, 495px\"  data-onclick='1' title='polyvalk3-495x400' ><span class='avia-gallery-big-inner'  itemprop=\"thumbnailUrl\" ><img decoding=\"async\" fetchpriority=\"high\" class=\"wp-image-5081 avia-img-lazy-loading-not-5081\"  width=\"495\" height=\"400\" src=\"https:\/\/ijsselmeerzeilers.nl\/wp-content\/uploads\/2022\/09\/polyvalk3-495x400-1-495x400.jpg\" title='polyvalk3-495x400' alt='' srcset=\"https:\/\/ijsselmeerzeilers.nl\/wp-content\/uploads\/2022\/09\/polyvalk3-495x400-1.jpg 495w, https:\/\/ijsselmeerzeilers.nl\/wp-content\/uploads\/2022\/09\/polyvalk3-495x400-1-300x242.jpg 300w\" sizes=\"(max-width: 495px) 100vw, 495px\" \/><\/span><\/a><\/div><div class='avia-gallery-thumb'><a href=\"https:\/\/ijsselmeerzeilers.nl\/wp-content\/uploads\/2022\/09\/polyvalk3-495x400-1.jpg\" data-srcset=\"https:\/\/ijsselmeerzeilers.nl\/wp-content\/uploads\/2022\/09\/polyvalk3-495x400-1.jpg 495w, https:\/\/ijsselmeerzeilers.nl\/wp-content\/uploads\/2022\/09\/polyvalk3-495x400-1-300x242.jpg 300w\" data-sizes=\"(max-width: 495px) 100vw, 495px\" data-rel='gallery-1' data-prev-img='https:\/\/ijsselmeerzeilers.nl\/wp-content\/uploads\/2022\/09\/polyvalk3-495x400-1-495x400.jpg' class='first_thumb avianolink noLightbox ' data-onclick='1' title='polyvalk3-495x400'  itemprop=\"thumbnailUrl\"  ><img decoding=\"async\" fetchpriority=\"high\" class=\"wp-image-5081 avia-img-lazy-loading-not-5081\"   src=\"https:\/\/ijsselmeerzeilers.nl\/wp-content\/uploads\/2022\/09\/polyvalk3-495x400-1-495x400.jpg\" width=\"495\" height=\"400\"  title='polyvalk3-495x400' alt='' srcset=\"https:\/\/ijsselmeerzeilers.nl\/wp-content\/uploads\/2022\/09\/polyvalk3-495x400-1.jpg 495w, https:\/\/ijsselmeerzeilers.nl\/wp-content\/uploads\/2022\/09\/polyvalk3-495x400-1-300x242.jpg 300w\" sizes=\"(max-width: 495px) 100vw, 495px\" \/><div class='big-prev-fake'><img decoding=\"async\" loading=\"lazy\" class=\"wp-image-5081 avia-img-lazy-loading-5081\"  width=\"495\" height=\"400\" src=\"https:\/\/ijsselmeerzeilers.nl\/wp-content\/uploads\/2022\/09\/polyvalk3-495x400-1-495x400.jpg\" title='polyvalk3-495x400' alt='' srcset=\"https:\/\/ijsselmeerzeilers.nl\/wp-content\/uploads\/2022\/09\/polyvalk3-495x400-1.jpg 495w, https:\/\/ijsselmeerzeilers.nl\/wp-content\/uploads\/2022\/09\/polyvalk3-495x400-1-300x242.jpg 300w\" sizes=\"auto, (max-width: 495px) 100vw, 495px\" \/><\/div><\/a><\/div><\/div><\/div>\n\n<style type=\"text\/css\" data-created_by=\"avia_inline_auto\" id=\"style-css-av-11ym2-1be7512f91bda7144391002b60f40ea3\">\n.flex_column.av-11ym2-1be7512f91bda7144391002b60f40ea3{\nborder-radius:0px 0px 0px 0px;\npadding:0px 0px 0px 0px;\n}\n<\/style>\n<div  class='flex_column av-11ym2-1be7512f91bda7144391002b60f40ea3 av_one_half  avia-builder-el-7  el_after_av_codeblock  avia-builder-el-last  first flex_column_div av-zero-column-padding  '     ><p>\n<style type=\"text\/css\" data-created_by=\"avia_inline_auto\" id=\"style-css-av-jp2q8ffr-c4fcb323053f90c032349db23c6a6086\">\n#top .avia-icon-list-container.av-jp2q8ffr-c4fcb323053f90c032349db23c6a6086 .iconlist_icon{\ncolor:#66cc33;\nbackground-color:transparent;\nborder:1px solid transparent;\n}\n#top .avia-icon-list-container.av-jp2q8ffr-c4fcb323053f90c032349db23c6a6086 .iconlist_icon svg:first-child{\nstroke:#66cc33;\nfill:#66cc33;\n}\n<\/style>\n<div  class='avia-icon-list-container av-jp2q8ffr-c4fcb323053f90c032349db23c6a6086  avia-builder-el-8  el_before_av_textblock  avia-builder-el-first  Rosanne'><ul class='avia-icon-list avia_animate_when_almost_visible avia-icon-list-left av-iconlist-small av-jp2q8ffr-c4fcb323053f90c032349db23c6a6086 avia-iconlist-animate'>\n<li><div class='iconlist_icon av-sujak-95718be28992cb1261168ab9b2d8566e avia-font-entypo-fontello avia-iconfont avia-font-entypo-fontello'><span class='av-icon-char' data-av_icon='\ue812' data-av_iconfont='entypo-fontello' aria-hidden=\"true\"><\/span><\/div><article class=\"article-icon-entry av-iconlist-empty\"  itemscope=\"itemscope\" itemtype=\"https:\/\/schema.org\/CreativeWork\" ><div class=\"iconlist_content_wrap\"><header class=\"entry-content-header\" aria-label=\"Icon: Stabiles, klassisches, offenes Segelboot\"><div class='av_iconlist_title iconlist_title_small  '  itemprop=\"headline\" >Stabiles, klassisches, offenes Segelboot<\/div><\/header><div class='iconlist_content '  itemprop=\"text\" ><\/div><\/div><footer class=\"entry-footer\"><\/footer><\/article><div class=\"iconlist-timeline\"><\/div><\/li>\n<li><div class='iconlist_icon av-60t2z0-2db9f2e2fa4fb776e07f1b3b98d97cd9 avia-font-entypo-fontello avia-iconfont avia-font-entypo-fontello'><span class='av-icon-char' data-av_icon='\ue812' data-av_iconfont='entypo-fontello' aria-hidden=\"true\"><\/span><\/div><article class=\"article-icon-entry av-iconlist-empty\"  itemscope=\"itemscope\" itemtype=\"https:\/\/schema.org\/CreativeWork\" ><div class=\"iconlist_content_wrap\"><header class=\"entry-content-header\" aria-label=\"Icon: Ger\u00e4umiges Cockpit f\u00fcr bis zu 6 Personen\"><div class='av_iconlist_title iconlist_title_small  '  itemprop=\"headline\" >Ger\u00e4umiges Cockpit f\u00fcr bis zu 6 Personen<\/div><\/header><div class='iconlist_content '  itemprop=\"text\" ><\/div><\/div><footer class=\"entry-footer\"><\/footer><\/article><div class=\"iconlist-timeline\"><\/div><\/li>\n<li><div class='iconlist_icon av-gcnb0-2bdc4d39394c3200815c705ac6d7d3b1 avia-font-entypo-fontello avia-iconfont avia-font-entypo-fontello'><span class='av-icon-char' data-av_icon='\ue812' data-av_iconfont='entypo-fontello' aria-hidden=\"true\"><\/span><\/div><article class=\"article-icon-entry av-iconlist-empty\"  itemscope=\"itemscope\" itemtype=\"https:\/\/schema.org\/CreativeWork\" ><div class=\"iconlist_content_wrap\"><header class=\"entry-content-header\" aria-label=\"Icon: Fahrtgebiet Randmeren\"><div class='av_iconlist_title iconlist_title_small  '  itemprop=\"headline\" >Fahrtgebiet Randmeren<\/div><\/header><div class='iconlist_content '  itemprop=\"text\" ><\/div><\/div><footer class=\"entry-footer\"><\/footer><\/article><div class=\"iconlist-timeline\"><\/div><\/li>\n<\/ul><\/div><br \/>\n<section  class='av_textblock_section av-jpba3p7f-cad778af532e23cda1d027fb5d5fc670 '   itemscope=\"itemscope\" itemtype=\"https:\/\/schema.org\/CreativeWork\" ><div class='avia_textblock Rosanne'  itemprop=\"text\" ><p><span lang=\"de-DE\">Das Segelboot, das sowohl f\u00fcr den erfahrenen Segler als auch f\u00fcr Segelanf\u00e4nger am besten geeignet ist. Das ideale, offene Segelboot f\u00fcr den Gooimeer hat ein ger\u00e4umiges Cockpit f\u00fcr 4 bis 6 Personen und gute Segeleigenschaften. Stabil, spartanisch, pur und robust. Unsere Valk ist standard mit einer kompletten Segelausr\u00fcstung versehen. Dazu geh\u00f6ren Staken, Paddeln, Rollfock, Rettungswesten und eine Wasserkarte. Sie hat au\u00dferdem einen Au\u00dfenbordmotor. Polyvalks lassen sich leicht auftakeln und fahren.<\/span><\/p>\n<p><span lang=\"de-DE\">Die Polyvalk ist besonders praktisch und vollst\u00e4ndig ausgestattet mit:<\/span><\/p>\n<p>\u2022 <span lang=\"de-DE\">Rollfock, vom Cockpit aus zu bedienen<\/span><\/p>\n<p>\u2022 <span lang=\"de-DE\">Schnellreffanlage, beide Reffen lassen sich beim Fahren herabsenken<\/span><\/p>\n<p>\u2022 <span lang=\"de-DE\">Stockanker mit Ankerball<\/span><\/p>\n<p>\u2022 <span lang=\"de-DE\">Staken und Paddeln<\/span><\/p>\n<p>\u2022 <span lang=\"de-DE\">Baumdirk und Klemmen f\u00fcr die Schoten<\/span><\/p>\n<p>\u2022 <span lang=\"de-DE\">2 Fender, 3 Leinen, Wasserkarte Gooimeer<\/span><\/p>\n<p>\u2022 <span lang=\"de-DE\">4 Rettungswesten standard.<\/span><\/p>\n<p>\u2022 <span lang=\"de-DE\">Au\u00dfenbordmotor mit separatem Benzintank 5l<\/span><\/p>\n<p><span lang=\"de-DE\">Last minute! Erkundigen Sie sich telefonisch 0610624416, sodass Sie wissen, ob ein Segelboot verf\u00fcgbar ist.<\/span><\/p>\n<p><span lang=\"de-DE\">F\u00fcr die Miete eines Polyvalk ist einen g\u00fcltigen Personalausweis obligatorisch (F\u00fchrerschein oder Personalausweis). Das Mindestalter f\u00fcr die Miete ist 18 Jahre. Die Kaution ist \u20ac 300,-.<\/span><\/p>\n<\/div><\/section><\/p><\/div><\/div><\/div><\/main><!-- close content main element --><\/div><\/div><div id='after_section_1'  class='main_color av_default_container_wrap container_wrap sidebar_right'  ><div class='container av-section-cont-open' ><div class='template-page content  av-content-small alpha units'><div class='post-entry post-entry-type-page post-entry-3932'><div class='entry-content-wrapper clearfix'>\n","protected":false},"excerpt":{"rendered":"","protected":false},"author":6,"featured_media":0,"parent":5090,"menu_order":0,"comment_status":"closed","ping_status":"closed","template":"","meta":{"footnotes":""},"class_list":["post-3932","page","type-page","status-publish","hentry"],"yoast_head":"<!-- This site is optimized with the Yoast SEO plugin v27.5 - https:\/\/yoast.com\/product\/yoast-seo-wordpress\/ -->\n<title>Polyvalk &#8226; Segelbootverleih auf dem IJsselmeer - IJsselmeerzeilers<\/title>\n<meta name=\"robots\" content=\"index, follow, max-snippet:-1, max-image-preview:large, max-video-preview:-1\" \/>\n<link rel=\"canonical\" href=\"https:\/\/ijsselmeerzeilers.nl\/de\/tagesmiete\/polyvalk\/\" \/>\n<meta property=\"og:locale\" content=\"de_DE\" \/>\n<meta property=\"og:type\" content=\"article\" \/>\n<meta property=\"og:title\" content=\"Polyvalk &#8226; Segelbootverleih auf dem IJsselmeer - IJsselmeerzeilers\" \/>\n<meta property=\"og:url\" content=\"https:\/\/ijsselmeerzeilers.nl\/de\/tagesmiete\/polyvalk\/\" \/>\n<meta property=\"og:site_name\" content=\"Segelbootverleih auf dem IJsselmeer - IJsselmeerzeilers\" \/>\n<meta property=\"article:publisher\" content=\"https:\/\/www.facebook.com\/ijsselmeerzeilers.nl\" \/>\n<meta property=\"article:modified_time\" content=\"2025-05-11T15:06:30+00:00\" \/>\n<meta name=\"twitter:card\" content=\"summary_large_image\" \/>\n<meta name=\"twitter:label1\" content=\"Gesch\u00e4tzte Lesezeit\" \/>\n\t<meta name=\"twitter:data1\" content=\"6\u00a0Minuten\" \/>\n<script type=\"application\/ld+json\" class=\"yoast-schema-graph\">{\"@context\":\"https:\\\/\\\/schema.org\",\"@graph\":[{\"@type\":\"WebPage\",\"@id\":\"https:\\\/\\\/ijsselmeerzeilers.nl\\\/de\\\/tagesmiete\\\/polyvalk\\\/\",\"url\":\"https:\\\/\\\/ijsselmeerzeilers.nl\\\/de\\\/tagesmiete\\\/polyvalk\\\/\",\"name\":\"Polyvalk &#8226; Segelbootverleih auf dem IJsselmeer - IJsselmeerzeilers\",\"isPartOf\":{\"@id\":\"https:\\\/\\\/ijsselmeerzeilers.nl\\\/#website\"},\"datePublished\":\"2017-03-26T19:08:30+00:00\",\"dateModified\":\"2025-05-11T15:06:30+00:00\",\"breadcrumb\":{\"@id\":\"https:\\\/\\\/ijsselmeerzeilers.nl\\\/de\\\/tagesmiete\\\/polyvalk\\\/#breadcrumb\"},\"inLanguage\":\"de\",\"potentialAction\":[{\"@type\":\"ReadAction\",\"target\":[\"https:\\\/\\\/ijsselmeerzeilers.nl\\\/de\\\/tagesmiete\\\/polyvalk\\\/\"]}]},{\"@type\":\"BreadcrumbList\",\"@id\":\"https:\\\/\\\/ijsselmeerzeilers.nl\\\/de\\\/tagesmiete\\\/polyvalk\\\/#breadcrumb\",\"itemListElement\":[{\"@type\":\"ListItem\",\"position\":1,\"name\":\"Home\",\"item\":\"https:\\\/\\\/ijsselmeerzeilers.nl\\\/de\\\/\"},{\"@type\":\"ListItem\",\"position\":2,\"name\":\"Tagesmiete\",\"item\":\"https:\\\/\\\/ijsselmeerzeilers.nl\\\/de\\\/tagesmiete\\\/\"},{\"@type\":\"ListItem\",\"position\":3,\"name\":\"Polyvalk\"}]},{\"@type\":\"WebSite\",\"@id\":\"https:\\\/\\\/ijsselmeerzeilers.nl\\\/#website\",\"url\":\"https:\\\/\\\/ijsselmeerzeilers.nl\\\/\",\"name\":\"IJsselmeerzeilers Zeilboot Huren\",\"description\":\"Houten Zeiljachten Nederlandse makelij\",\"publisher\":{\"@id\":\"https:\\\/\\\/ijsselmeerzeilers.nl\\\/#organization\"},\"potentialAction\":[{\"@type\":\"SearchAction\",\"target\":{\"@type\":\"EntryPoint\",\"urlTemplate\":\"https:\\\/\\\/ijsselmeerzeilers.nl\\\/?s={search_term_string}\"},\"query-input\":{\"@type\":\"PropertyValueSpecification\",\"valueRequired\":true,\"valueName\":\"search_term_string\"}}],\"inLanguage\":\"de\"},{\"@type\":\"Organization\",\"@id\":\"https:\\\/\\\/ijsselmeerzeilers.nl\\\/#organization\",\"name\":\"IJsselmeerzeilers\",\"url\":\"https:\\\/\\\/ijsselmeerzeilers.nl\\\/\",\"logo\":{\"@type\":\"ImageObject\",\"inLanguage\":\"de\",\"@id\":\"https:\\\/\\\/ijsselmeerzeilers.nl\\\/#\\\/schema\\\/logo\\\/image\\\/\",\"url\":\"https:\\\/\\\/ijsselmeerzeilers.nl\\\/wp-content\\\/uploads\\\/2015\\\/02\\\/ijsselmeerzeilerslogo7682.jpg\",\"contentUrl\":\"https:\\\/\\\/ijsselmeerzeilers.nl\\\/wp-content\\\/uploads\\\/2015\\\/02\\\/ijsselmeerzeilerslogo7682.jpg\",\"width\":768,\"height\":160,\"caption\":\"IJsselmeerzeilers\"},\"image\":{\"@id\":\"https:\\\/\\\/ijsselmeerzeilers.nl\\\/#\\\/schema\\\/logo\\\/image\\\/\"},\"sameAs\":[\"https:\\\/\\\/www.facebook.com\\\/ijsselmeerzeilers.nl\",\"https:\\\/\\\/www.youtube.com\\\/@ijsselmeerzeilers\",\"https:\\\/\\\/www.instagram.com\\\/ijsselmeerzeilers\"]}]}<\/script>\n<!-- \/ Yoast SEO plugin. -->","yoast_head_json":{"title":"Polyvalk &#8226; Segelbootverleih auf dem IJsselmeer - IJsselmeerzeilers","robots":{"index":"index","follow":"follow","max-snippet":"max-snippet:-1","max-image-preview":"max-image-preview:large","max-video-preview":"max-video-preview:-1"},"canonical":"https:\/\/ijsselmeerzeilers.nl\/de\/tagesmiete\/polyvalk\/","og_locale":"de_DE","og_type":"article","og_title":"Polyvalk &#8226; Segelbootverleih auf dem IJsselmeer - IJsselmeerzeilers","og_url":"https:\/\/ijsselmeerzeilers.nl\/de\/tagesmiete\/polyvalk\/","og_site_name":"Segelbootverleih auf dem IJsselmeer - IJsselmeerzeilers","article_publisher":"https:\/\/www.facebook.com\/ijsselmeerzeilers.nl","article_modified_time":"2025-05-11T15:06:30+00:00","twitter_card":"summary_large_image","twitter_misc":{"Gesch\u00e4tzte Lesezeit":"6\u00a0Minuten"},"schema":{"@context":"https:\/\/schema.org","@graph":[{"@type":"WebPage","@id":"https:\/\/ijsselmeerzeilers.nl\/de\/tagesmiete\/polyvalk\/","url":"https:\/\/ijsselmeerzeilers.nl\/de\/tagesmiete\/polyvalk\/","name":"Polyvalk &#8226; Segelbootverleih auf dem IJsselmeer - IJsselmeerzeilers","isPartOf":{"@id":"https:\/\/ijsselmeerzeilers.nl\/#website"},"datePublished":"2017-03-26T19:08:30+00:00","dateModified":"2025-05-11T15:06:30+00:00","breadcrumb":{"@id":"https:\/\/ijsselmeerzeilers.nl\/de\/tagesmiete\/polyvalk\/#breadcrumb"},"inLanguage":"de","potentialAction":[{"@type":"ReadAction","target":["https:\/\/ijsselmeerzeilers.nl\/de\/tagesmiete\/polyvalk\/"]}]},{"@type":"BreadcrumbList","@id":"https:\/\/ijsselmeerzeilers.nl\/de\/tagesmiete\/polyvalk\/#breadcrumb","itemListElement":[{"@type":"ListItem","position":1,"name":"Home","item":"https:\/\/ijsselmeerzeilers.nl\/de\/"},{"@type":"ListItem","position":2,"name":"Tagesmiete","item":"https:\/\/ijsselmeerzeilers.nl\/de\/tagesmiete\/"},{"@type":"ListItem","position":3,"name":"Polyvalk"}]},{"@type":"WebSite","@id":"https:\/\/ijsselmeerzeilers.nl\/#website","url":"https:\/\/ijsselmeerzeilers.nl\/","name":"IJsselmeerzeilers Zeilboot Huren","description":"Houten Zeiljachten Nederlandse makelij","publisher":{"@id":"https:\/\/ijsselmeerzeilers.nl\/#organization"},"potentialAction":[{"@type":"SearchAction","target":{"@type":"EntryPoint","urlTemplate":"https:\/\/ijsselmeerzeilers.nl\/?s={search_term_string}"},"query-input":{"@type":"PropertyValueSpecification","valueRequired":true,"valueName":"search_term_string"}}],"inLanguage":"de"},{"@type":"Organization","@id":"https:\/\/ijsselmeerzeilers.nl\/#organization","name":"IJsselmeerzeilers","url":"https:\/\/ijsselmeerzeilers.nl\/","logo":{"@type":"ImageObject","inLanguage":"de","@id":"https:\/\/ijsselmeerzeilers.nl\/#\/schema\/logo\/image\/","url":"https:\/\/ijsselmeerzeilers.nl\/wp-content\/uploads\/2015\/02\/ijsselmeerzeilerslogo7682.jpg","contentUrl":"https:\/\/ijsselmeerzeilers.nl\/wp-content\/uploads\/2015\/02\/ijsselmeerzeilerslogo7682.jpg","width":768,"height":160,"caption":"IJsselmeerzeilers"},"image":{"@id":"https:\/\/ijsselmeerzeilers.nl\/#\/schema\/logo\/image\/"},"sameAs":["https:\/\/www.facebook.com\/ijsselmeerzeilers.nl","https:\/\/www.youtube.com\/@ijsselmeerzeilers","https:\/\/www.instagram.com\/ijsselmeerzeilers"]}]}},"_links":{"self":[{"href":"https:\/\/ijsselmeerzeilers.nl\/de\/wp-json\/wp\/v2\/pages\/3932","targetHints":{"allow":["GET"]}}],"collection":[{"href":"https:\/\/ijsselmeerzeilers.nl\/de\/wp-json\/wp\/v2\/pages"}],"about":[{"href":"https:\/\/ijsselmeerzeilers.nl\/de\/wp-json\/wp\/v2\/types\/page"}],"author":[{"embeddable":true,"href":"https:\/\/ijsselmeerzeilers.nl\/de\/wp-json\/wp\/v2\/users\/6"}],"replies":[{"embeddable":true,"href":"https:\/\/ijsselmeerzeilers.nl\/de\/wp-json\/wp\/v2\/comments?post=3932"}],"version-history":[{"count":12,"href":"https:\/\/ijsselmeerzeilers.nl\/de\/wp-json\/wp\/v2\/pages\/3932\/revisions"}],"predecessor-version":[{"id":6754,"href":"https:\/\/ijsselmeerzeilers.nl\/de\/wp-json\/wp\/v2\/pages\/3932\/revisions\/6754"}],"up":[{"embeddable":true,"href":"https:\/\/ijsselmeerzeilers.nl\/de\/wp-json\/wp\/v2\/pages\/5090"}],"wp:attachment":[{"href":"https:\/\/ijsselmeerzeilers.nl\/de\/wp-json\/wp\/v2\/media?parent=3932"}],"curies":[{"name":"wp","href":"https:\/\/api.w.org\/{rel}","templated":true}]}}